{"id":11359,"date":"2023-03-01T17:10:47","date_gmt":"2023-03-01T16:10:47","guid":{"rendered":"https:\/\/losadavinosdefinca.es\/?post_type=product&#038;p=11359"},"modified":"2026-04-22T00:08:41","modified_gmt":"2026-04-21T22:08:41","slug":"altos-de-losada-seleccion-de-anada","status":"publish","type":"product","link":"https:\/\/losadavinosdefinca.es\/en\/product\/altos-de-losada-seleccion-de-anada\/","title":{"rendered":"Selecci\u00f3n de A\u00f1ada"},"content":{"rendered":"\t\t<div data-elementor-type=\"product-post\" data-elementor-id=\"11359\" class=\"elementor elementor-11359\">\n\t\t\t\t\t\t<section class=\"elementor-section elementor-top-section elementor-element elementor-element-e3bcc11 elementor-section-boxed elementor-section-height-default elementor-section-height-default\" data-id=\"e3bcc11\" data-element_type=\"section\" data-e-type=\"section\">\n\t\t\t\t\t\t<div class=\"elementor-container elementor-column-gap-wide\">\n\t\t\t\t\t<div class=\"elementor-column elementor-col-100 elementor-top-column elementor-element elementor-element-fcb3db1\" data-id=\"fcb3db1\" data-element_type=\"column\" data-e-type=\"column\">\n\t\t\t<div class=\"elementor-widget-wrap elementor-element-populated\">\n\t\t\t\t\t\t<div class=\"elementor-element elementor-element-74b9b29 elementor-widget elementor-widget-text-editor\" data-id=\"74b9b29\" data-element_type=\"widget\" data-e-type=\"widget\" data-widget_type=\"text-editor.default\">\n\t\t\t\t<div class=\"elementor-widget-container\">\n\t\t\t\t\t\t\t\t\t<p>Tinto elaborado a partir de una selecci\u00f3n de parcelas en altitud del Bierzo, donde la maduraci\u00f3n es m\u00e1s lenta y el equilibrio natural se alcanza de forma impecable. Solo se elabora en a\u00f1adas excepcionales, cuando la uva expresa todo su potencial.<\/p><p class=\"p1\">La posfermentaci\u00f3n prolongada y el paso por crianza en grandes fudres de roble franc\u00e9s para preservar finura y profundidad, respetando siempre la elegancia que caracteriza a Losada.<br \/>El resultado es un vino profundo y envolvente, que refleja la altura, la calma y la pureza del vi\u00f1edo berciano.<\/p>\t\t\t\t\t\t\t\t<\/div>\n\t\t\t\t<\/div>\n\t\t\t\t<div class=\"elementor-element elementor-element-6ee527e elementor-widget elementor-widget-spacer\" data-id=\"6ee527e\" data-element_type=\"widget\" data-e-type=\"widget\" data-widget_type=\"spacer.default\">\n\t\t\t\t<div class=\"elementor-widget-container\">\n\t\t\t\t\t\t\t<div class=\"elementor-spacer\">\n\t\t\t<div class=\"elementor-spacer-inner\"><\/div>\n\t\t<\/div>\n\t\t\t\t\t\t<\/div>\n\t\t\t\t<\/div>\n\t\t\t\t<div class=\"elementor-element elementor-element-648622e elementor-widget elementor-widget-heading\" data-id=\"648622e\" data-element_type=\"widget\" data-e-type=\"widget\" data-widget_type=\"heading.default\">\n\t\t\t\t<div class=\"elementor-widget-container\">\n\t\t\t\t\t<h5 class=\"elementor-heading-title elementor-size-default\">Fincas<\/h5>\t\t\t\t<\/div>\n\t\t\t\t<\/div>\n\t\t\t\t<div class=\"elementor-element elementor-element-edf9745 elementor-widget elementor-widget-text-editor\" data-id=\"edf9745\" data-element_type=\"widget\" data-e-type=\"widget\" data-widget_type=\"text-editor.default\">\n\t\t\t\t<div class=\"elementor-widget-container\">\n\t\t\t\t\t\t\t\t\t<p>Selecci\u00f3n de vi\u00f1edos en laderas altas del Bierzo.<\/p>\t\t\t\t\t\t\t\t<\/div>\n\t\t\t\t<\/div>\n\t\t\t\t<div class=\"elementor-element elementor-element-841f2cb elementor-widget elementor-widget-spacer\" data-id=\"841f2cb\" data-element_type=\"widget\" data-e-type=\"widget\" data-widget_type=\"spacer.default\">\n\t\t\t\t<div class=\"elementor-widget-container\">\n\t\t\t\t\t\t\t<div class=\"elementor-spacer\">\n\t\t\t<div class=\"elementor-spacer-inner\"><\/div>\n\t\t<\/div>\n\t\t\t\t\t\t<\/div>\n\t\t\t\t<\/div>\n\t\t\t\t<div class=\"elementor-element elementor-element-c907803 elementor-widget elementor-widget-heading\" data-id=\"c907803\" data-element_type=\"widget\" data-e-type=\"widget\" data-widget_type=\"heading.default\">\n\t\t\t\t<div class=\"elementor-widget-container\">\n\t\t\t\t\t<h5 class=\"elementor-heading-title elementor-size-default\">Suelos<\/h5>\t\t\t\t<\/div>\n\t\t\t\t<\/div>\n\t\t\t\t<div class=\"elementor-element elementor-element-6bf35d4 elementor-widget elementor-widget-text-editor\" data-id=\"6bf35d4\" data-element_type=\"widget\" data-e-type=\"widget\" data-widget_type=\"text-editor.default\">\n\t\t\t\t<div class=\"elementor-widget-container\">\n\t\t\t\t\t\t\t\t\t<p class=\"p1\">Pizarra y arcilla.<\/p>\t\t\t\t\t\t\t\t<\/div>\n\t\t\t\t<\/div>\n\t\t\t\t<div class=\"elementor-element elementor-element-81c527a elementor-widget elementor-widget-spacer\" data-id=\"81c527a\" data-element_type=\"widget\" data-e-type=\"widget\" data-widget_type=\"spacer.default\">\n\t\t\t\t<div class=\"elementor-widget-container\">\n\t\t\t\t\t\t\t<div class=\"elementor-spacer\">\n\t\t\t<div class=\"elementor-spacer-inner\"><\/div>\n\t\t<\/div>\n\t\t\t\t\t\t<\/div>\n\t\t\t\t<\/div>\n\t\t\t\t<div class=\"elementor-element elementor-element-2d0c7bc elementor-widget elementor-widget-heading\" data-id=\"2d0c7bc\" data-element_type=\"widget\" data-e-type=\"widget\" data-widget_type=\"heading.default\">\n\t\t\t\t<div class=\"elementor-widget-container\">\n\t\t\t\t\t<h5 class=\"elementor-heading-title elementor-size-default\">Variedad<\/h5>\t\t\t\t<\/div>\n\t\t\t\t<\/div>\n\t\t\t\t<div class=\"elementor-element elementor-element-ab20276 elementor-widget elementor-widget-text-editor\" data-id=\"ab20276\" data-element_type=\"widget\" data-e-type=\"widget\" data-widget_type=\"text-editor.default\">\n\t\t\t\t<div class=\"elementor-widget-container\">\n\t\t\t\t\t\t\t\t\t<p class=\"p1\">100% Menc\u00eda<\/p>\t\t\t\t\t\t\t\t<\/div>\n\t\t\t\t<\/div>\n\t\t\t\t<div class=\"elementor-element elementor-element-83ae0aa elementor-widget elementor-widget-spacer\" data-id=\"83ae0aa\" data-element_type=\"widget\" data-e-type=\"widget\" data-widget_type=\"spacer.default\">\n\t\t\t\t<div class=\"elementor-widget-container\">\n\t\t\t\t\t\t\t<div class=\"elementor-spacer\">\n\t\t\t<div class=\"elementor-spacer-inner\"><\/div>\n\t\t<\/div>\n\t\t\t\t\t\t<\/div>\n\t\t\t\t<\/div>\n\t\t\t\t<div class=\"elementor-element elementor-element-db199e9 elementor-widget elementor-widget-heading\" data-id=\"db199e9\" data-element_type=\"widget\" data-e-type=\"widget\" data-widget_type=\"heading.default\">\n\t\t\t\t<div class=\"elementor-widget-container\">\n\t\t\t\t\t<h5 class=\"elementor-heading-title elementor-size-default\">Crianza<\/h5>\t\t\t\t<\/div>\n\t\t\t\t<\/div>\n\t\t\t\t<div class=\"elementor-element elementor-element-79b1f8c elementor-widget elementor-widget-text-editor\" data-id=\"79b1f8c\" data-element_type=\"widget\" data-e-type=\"widget\" data-widget_type=\"text-editor.default\">\n\t\t\t\t<div class=\"elementor-widget-container\">\n\t\t\t\t\t\t\t\t\t<p>24 meses en fudre de roble franc\u00e9s.<\/p>\t\t\t\t\t\t\t\t<\/div>\n\t\t\t\t<\/div>\n\t\t\t\t<div class=\"elementor-element elementor-element-7b68c56 elementor-widget elementor-widget-spacer\" data-id=\"7b68c56\" data-element_type=\"widget\" data-e-type=\"widget\" data-widget_type=\"spacer.default\">\n\t\t\t\t<div class=\"elementor-widget-container\">\n\t\t\t\t\t\t\t<div class=\"elementor-spacer\">\n\t\t\t<div class=\"elementor-spacer-inner\"><\/div>\n\t\t<\/div>\n\t\t\t\t\t\t<\/div>\n\t\t\t\t<\/div>\n\t\t\t\t<div class=\"elementor-element elementor-element-01f6761 elementor-widget elementor-widget-heading\" data-id=\"01f6761\" data-element_type=\"widget\" data-e-type=\"widget\" data-widget_type=\"heading.default\">\n\t\t\t\t<div class=\"elementor-widget-container\">\n\t\t\t\t\t<h5 class=\"elementor-heading-title elementor-size-default\">Notas de cata<\/h5>\t\t\t\t<\/div>\n\t\t\t\t<\/div>\n\t\t\t\t<div class=\"elementor-element elementor-element-8bccd1a elementor-widget elementor-widget-text-editor\" data-id=\"8bccd1a\" data-element_type=\"widget\" data-e-type=\"widget\" data-widget_type=\"text-editor.default\">\n\t\t\t\t<div class=\"elementor-widget-container\">\n\t\t\t\t\t\t\t\t\t<p>Altos de Losada Selecci\u00f3n de A\u00f1ada muestra una textura amplia y sedosa, con taninos finos y maduros. Nariz elegante y compleja: fruta negra, flores, cera de crianza, maderas dulces y especias, regaliz, cuero y un toque de agua de coco; fondo mineral. Boca franca y sabrosa, con estructura \u00e1cida, tanino cremoso, gran carga frutal y final muy largo.<\/p>\t\t\t\t\t\t\t\t<\/div>\n\t\t\t\t<\/div>\n\t\t\t\t<div class=\"elementor-element elementor-element-5de3bf6 elementor-widget elementor-widget-spacer\" data-id=\"5de3bf6\" data-element_type=\"widget\" data-e-type=\"widget\" data-widget_type=\"spacer.default\">\n\t\t\t\t<div class=\"elementor-widget-container\">\n\t\t\t\t\t\t\t<div class=\"elementor-spacer\">\n\t\t\t<div class=\"elementor-spacer-inner\"><\/div>\n\t\t<\/div>\n\t\t\t\t\t\t<\/div>\n\t\t\t\t<\/div>\n\t\t\t\t<div class=\"elementor-element elementor-element-4b6f435 elementor-widget elementor-widget-text-editor\" data-id=\"4b6f435\" data-element_type=\"widget\" data-e-type=\"widget\" data-widget_type=\"text-editor.default\">\n\t\t\t\t<div class=\"elementor-widget-container\">\n\t\t\t\t\t\t\t\t\t<p class=\"p1\">93 pts. James Suckling. Muy fragante, con fruta negra, pimienta sutil y un toque de aceituna negra. En boca es de cuerpo medio a completo, con taninos de grano fino que cubren suavemente la boca y frutas negras tiernas y en capas. Termina elegante y sereno, ya que los taninos se desvanecen lentamente.\u00a0<\/p>\t\t\t\t\t\t\t\t<\/div>\n\t\t\t\t<\/div>\n\t\t\t\t\t<\/div>\n\t\t<\/div>\n\t\t\t\t\t<\/div>\n\t\t<\/section>\n\t\t\t\t<\/div>\n\t\t","protected":false},"excerpt":{"rendered":"<p>Un vino profundo y envolvente, que refleja la altura, la calma y la pureza del vi\u00f1edo berciano. Elaborado a partir de una selecci\u00f3n de parcelas en altitud del Bierzo que solo se elabora en a\u00f1adas excepcionales.<\/p>\n","protected":false},"featured_media":11366,"comment_status":"open","ping_status":"closed","template":"","meta":[],"product_brand":[],"product_cat":[15],"product_tag":[75,74],"class_list":{"0":"post-11359","1":"product","2":"type-product","3":"status-publish","4":"has-post-thumbnail","6":"product_cat-vinos","7":"product_tag-altos-de-losada","8":"product_tag-seleccion-de-anada","10":"first","11":"instock","12":"taxable","13":"shipping-taxable","14":"purchasable","15":"product-type-simple"},"yoast_head":"<!-- This site is optimized with the Yoast SEO plugin v27.3 - https:\/\/yoast.com\/product\/yoast-seo-wordpress\/ -->\n<title>Selecci\u00f3n de A\u00f1ada - Losada Vinos de finca<\/title>\n<meta name=\"description\" content=\"Un vino profundo y envolvente, que refleja la altura, la calma y la pureza del vi\u00f1edo berciano. Elaborado a partir de una selecci\u00f3n de parcelas\" \/>\n<meta name=\"robots\" content=\"index, follow, max-snippet:-1, max-image-preview:large, max-video-preview:-1\" \/>\n<link rel=\"canonical\" href=\"https:\/\/losadavinosdefinca.es\/product\/altos-de-losada-seleccion-de-anada\/\" \/>\n<meta property=\"og:locale\" content=\"en_US\" \/>\n<meta property=\"og:type\" content=\"article\" \/>\n<meta property=\"og:title\" content=\"Selecci\u00f3n de A\u00f1ada - Losada Vinos de finca\" \/>\n<meta property=\"og:description\" content=\"Un vino profundo y envolvente, que refleja la altura, la calma y la pureza del vi\u00f1edo berciano. Elaborado a partir de una selecci\u00f3n de parcelas\" \/>\n<meta property=\"og:url\" content=\"https:\/\/losadavinosdefinca.es\/product\/altos-de-losada-seleccion-de-anada\/\" \/>\n<meta property=\"og:site_name\" content=\"Losada Vinos de finca\" \/>\n<meta property=\"article:modified_time\" content=\"2026-04-21T22:08:41+00:00\" \/>\n<meta property=\"og:image\" content=\"https:\/\/losadavinosdefinca.es\/wp-content\/uploads\/2025\/11\/LOSADA-seleccion-de-anada-.png\" \/>\n\t<meta property=\"og:image:width\" content=\"1500\" \/>\n\t<meta property=\"og:image:height\" content=\"1500\" \/>\n\t<meta property=\"og:image:type\" content=\"image\/png\" \/>\n<meta name=\"twitter:card\" content=\"summary_large_image\" \/>\n<meta name=\"twitter:label1\" content=\"Est. reading time\" \/>\n\t<meta name=\"twitter:data1\" content=\"2 minutes\" \/>\n<script type=\"application\/ld+json\" class=\"yoast-schema-graph\">{\"@context\":\"https:\\\/\\\/schema.org\",\"@graph\":[{\"@type\":\"WebPage\",\"@id\":\"https:\\\/\\\/losadavinosdefinca.es\\\/product\\\/altos-de-losada-seleccion-de-anada\\\/\",\"url\":\"https:\\\/\\\/losadavinosdefinca.es\\\/product\\\/altos-de-losada-seleccion-de-anada\\\/\",\"name\":\"Selecci\u00f3n de A\u00f1ada - Losada Vinos de finca\",\"isPartOf\":{\"@id\":\"https:\\\/\\\/losadavinosdefinca.es\\\/#website\"},\"primaryImageOfPage\":{\"@id\":\"https:\\\/\\\/losadavinosdefinca.es\\\/product\\\/altos-de-losada-seleccion-de-anada\\\/#primaryimage\"},\"image\":{\"@id\":\"https:\\\/\\\/losadavinosdefinca.es\\\/product\\\/altos-de-losada-seleccion-de-anada\\\/#primaryimage\"},\"thumbnailUrl\":\"https:\\\/\\\/losadavinosdefinca.es\\\/wp-content\\\/uploads\\\/2025\\\/11\\\/LOSADA-seleccion-de-anada-.png\",\"datePublished\":\"2023-03-01T16:10:47+00:00\",\"dateModified\":\"2026-04-21T22:08:41+00:00\",\"description\":\"Un vino profundo y envolvente, que refleja la altura, la calma y la pureza del vi\u00f1edo berciano. Elaborado a partir de una selecci\u00f3n de parcelas\",\"breadcrumb\":{\"@id\":\"https:\\\/\\\/losadavinosdefinca.es\\\/product\\\/altos-de-losada-seleccion-de-anada\\\/#breadcrumb\"},\"inLanguage\":\"en-US\",\"potentialAction\":[{\"@type\":\"ReadAction\",\"target\":[\"https:\\\/\\\/losadavinosdefinca.es\\\/product\\\/altos-de-losada-seleccion-de-anada\\\/\"]}]},{\"@type\":\"ImageObject\",\"inLanguage\":\"en-US\",\"@id\":\"https:\\\/\\\/losadavinosdefinca.es\\\/product\\\/altos-de-losada-seleccion-de-anada\\\/#primaryimage\",\"url\":\"https:\\\/\\\/losadavinosdefinca.es\\\/wp-content\\\/uploads\\\/2025\\\/11\\\/LOSADA-seleccion-de-anada-.png\",\"contentUrl\":\"https:\\\/\\\/losadavinosdefinca.es\\\/wp-content\\\/uploads\\\/2025\\\/11\\\/LOSADA-seleccion-de-anada-.png\",\"width\":1500,\"height\":1500},{\"@type\":\"BreadcrumbList\",\"@id\":\"https:\\\/\\\/losadavinosdefinca.es\\\/product\\\/altos-de-losada-seleccion-de-anada\\\/#breadcrumb\",\"itemListElement\":[{\"@type\":\"ListItem\",\"position\":1,\"name\":\"Portada\",\"item\":\"https:\\\/\\\/losadavinosdefinca.es\\\/\"},{\"@type\":\"ListItem\",\"position\":2,\"name\":\"TIENDA\",\"item\":\"https:\\\/\\\/losadavinosdefinca.es\\\/tienda\\\/\"},{\"@type\":\"ListItem\",\"position\":3,\"name\":\"Selecci\u00f3n de A\u00f1ada\"}]},{\"@type\":\"WebSite\",\"@id\":\"https:\\\/\\\/losadavinosdefinca.es\\\/#website\",\"url\":\"https:\\\/\\\/losadavinosdefinca.es\\\/\",\"name\":\"Losada Vinos de finca\",\"description\":\"Losada\",\"publisher\":{\"@id\":\"https:\\\/\\\/losadavinosdefinca.es\\\/#organization\"},\"potentialAction\":[{\"@type\":\"SearchAction\",\"target\":{\"@type\":\"EntryPoint\",\"urlTemplate\":\"https:\\\/\\\/losadavinosdefinca.es\\\/?s={search_term_string}\"},\"query-input\":{\"@type\":\"PropertyValueSpecification\",\"valueRequired\":true,\"valueName\":\"search_term_string\"}}],\"inLanguage\":\"en-US\"},{\"@type\":\"Organization\",\"@id\":\"https:\\\/\\\/losadavinosdefinca.es\\\/#organization\",\"name\":\"Losada Vinos de finca\",\"url\":\"https:\\\/\\\/losadavinosdefinca.es\\\/\",\"logo\":{\"@type\":\"ImageObject\",\"inLanguage\":\"en-US\",\"@id\":\"https:\\\/\\\/losadavinosdefinca.es\\\/#\\\/schema\\\/logo\\\/image\\\/\",\"url\":\"https:\\\/\\\/losadavinosdefinca.es\\\/wp-content\\\/uploads\\\/2023\\\/02\\\/logo-losada-apaisado.png\",\"contentUrl\":\"https:\\\/\\\/losadavinosdefinca.es\\\/wp-content\\\/uploads\\\/2023\\\/02\\\/logo-losada-apaisado.png\",\"width\":1129,\"height\":287,\"caption\":\"Losada Vinos de finca\"},\"image\":{\"@id\":\"https:\\\/\\\/losadavinosdefinca.es\\\/#\\\/schema\\\/logo\\\/image\\\/\"}}]}<\/script>\n<!-- \/ Yoast SEO plugin. -->","yoast_head_json":{"title":"Selecci\u00f3n de A\u00f1ada - Losada Vinos de finca","description":"Un vino profundo y envolvente, que refleja la altura, la calma y la pureza del vi\u00f1edo berciano. Elaborado a partir de una selecci\u00f3n de parcelas","robots":{"index":"index","follow":"follow","max-snippet":"max-snippet:-1","max-image-preview":"max-image-preview:large","max-video-preview":"max-video-preview:-1"},"canonical":"https:\/\/losadavinosdefinca.es\/product\/altos-de-losada-seleccion-de-anada\/","og_locale":"en_US","og_type":"article","og_title":"Selecci\u00f3n de A\u00f1ada - Losada Vinos de finca","og_description":"Un vino profundo y envolvente, que refleja la altura, la calma y la pureza del vi\u00f1edo berciano. Elaborado a partir de una selecci\u00f3n de parcelas","og_url":"https:\/\/losadavinosdefinca.es\/product\/altos-de-losada-seleccion-de-anada\/","og_site_name":"Losada Vinos de finca","article_modified_time":"2026-04-21T22:08:41+00:00","og_image":[{"width":1500,"height":1500,"url":"https:\/\/losadavinosdefinca.es\/wp-content\/uploads\/2025\/11\/LOSADA-seleccion-de-anada-.png","type":"image\/png"}],"twitter_card":"summary_large_image","twitter_misc":{"Est. reading time":"2 minutes"},"schema":{"@context":"https:\/\/schema.org","@graph":[{"@type":"WebPage","@id":"https:\/\/losadavinosdefinca.es\/product\/altos-de-losada-seleccion-de-anada\/","url":"https:\/\/losadavinosdefinca.es\/product\/altos-de-losada-seleccion-de-anada\/","name":"Selecci\u00f3n de A\u00f1ada - Losada Vinos de finca","isPartOf":{"@id":"https:\/\/losadavinosdefinca.es\/#website"},"primaryImageOfPage":{"@id":"https:\/\/losadavinosdefinca.es\/product\/altos-de-losada-seleccion-de-anada\/#primaryimage"},"image":{"@id":"https:\/\/losadavinosdefinca.es\/product\/altos-de-losada-seleccion-de-anada\/#primaryimage"},"thumbnailUrl":"https:\/\/losadavinosdefinca.es\/wp-content\/uploads\/2025\/11\/LOSADA-seleccion-de-anada-.png","datePublished":"2023-03-01T16:10:47+00:00","dateModified":"2026-04-21T22:08:41+00:00","description":"Un vino profundo y envolvente, que refleja la altura, la calma y la pureza del vi\u00f1edo berciano. Elaborado a partir de una selecci\u00f3n de parcelas","breadcrumb":{"@id":"https:\/\/losadavinosdefinca.es\/product\/altos-de-losada-seleccion-de-anada\/#breadcrumb"},"inLanguage":"en-US","potentialAction":[{"@type":"ReadAction","target":["https:\/\/losadavinosdefinca.es\/product\/altos-de-losada-seleccion-de-anada\/"]}]},{"@type":"ImageObject","inLanguage":"en-US","@id":"https:\/\/losadavinosdefinca.es\/product\/altos-de-losada-seleccion-de-anada\/#primaryimage","url":"https:\/\/losadavinosdefinca.es\/wp-content\/uploads\/2025\/11\/LOSADA-seleccion-de-anada-.png","contentUrl":"https:\/\/losadavinosdefinca.es\/wp-content\/uploads\/2025\/11\/LOSADA-seleccion-de-anada-.png","width":1500,"height":1500},{"@type":"BreadcrumbList","@id":"https:\/\/losadavinosdefinca.es\/product\/altos-de-losada-seleccion-de-anada\/#breadcrumb","itemListElement":[{"@type":"ListItem","position":1,"name":"Portada","item":"https:\/\/losadavinosdefinca.es\/"},{"@type":"ListItem","position":2,"name":"TIENDA","item":"https:\/\/losadavinosdefinca.es\/tienda\/"},{"@type":"ListItem","position":3,"name":"Selecci\u00f3n de A\u00f1ada"}]},{"@type":"WebSite","@id":"https:\/\/losadavinosdefinca.es\/#website","url":"https:\/\/losadavinosdefinca.es\/","name":"Losada Vinos de finca","description":"Losada","publisher":{"@id":"https:\/\/losadavinosdefinca.es\/#organization"},"potentialAction":[{"@type":"SearchAction","target":{"@type":"EntryPoint","urlTemplate":"https:\/\/losadavinosdefinca.es\/?s={search_term_string}"},"query-input":{"@type":"PropertyValueSpecification","valueRequired":true,"valueName":"search_term_string"}}],"inLanguage":"en-US"},{"@type":"Organization","@id":"https:\/\/losadavinosdefinca.es\/#organization","name":"Losada Vinos de finca","url":"https:\/\/losadavinosdefinca.es\/","logo":{"@type":"ImageObject","inLanguage":"en-US","@id":"https:\/\/losadavinosdefinca.es\/#\/schema\/logo\/image\/","url":"https:\/\/losadavinosdefinca.es\/wp-content\/uploads\/2023\/02\/logo-losada-apaisado.png","contentUrl":"https:\/\/losadavinosdefinca.es\/wp-content\/uploads\/2023\/02\/logo-losada-apaisado.png","width":1129,"height":287,"caption":"Losada Vinos de finca"},"image":{"@id":"https:\/\/losadavinosdefinca.es\/#\/schema\/logo\/image\/"}}]}},"_links":{"self":[{"href":"https:\/\/losadavinosdefinca.es\/en\/wp-json\/wp\/v2\/product\/11359","targetHints":{"allow":["GET"]}}],"collection":[{"href":"https:\/\/losadavinosdefinca.es\/en\/wp-json\/wp\/v2\/product"}],"about":[{"href":"https:\/\/losadavinosdefinca.es\/en\/wp-json\/wp\/v2\/types\/product"}],"replies":[{"embeddable":true,"href":"https:\/\/losadavinosdefinca.es\/en\/wp-json\/wp\/v2\/comments?post=11359"}],"version-history":[{"count":8,"href":"https:\/\/losadavinosdefinca.es\/en\/wp-json\/wp\/v2\/product\/11359\/revisions"}],"predecessor-version":[{"id":11440,"href":"https:\/\/losadavinosdefinca.es\/en\/wp-json\/wp\/v2\/product\/11359\/revisions\/11440"}],"wp:featuredmedia":[{"embeddable":true,"href":"https:\/\/losadavinosdefinca.es\/en\/wp-json\/wp\/v2\/media\/11366"}],"wp:attachment":[{"href":"https:\/\/losadavinosdefinca.es\/en\/wp-json\/wp\/v2\/media?parent=11359"}],"wp:term":[{"taxonomy":"product_brand","embeddable":true,"href":"https:\/\/losadavinosdefinca.es\/en\/wp-json\/wp\/v2\/product_brand?post=11359"},{"taxonomy":"product_cat","embeddable":true,"href":"https:\/\/losadavinosdefinca.es\/en\/wp-json\/wp\/v2\/product_cat?post=11359"},{"taxonomy":"product_tag","embeddable":true,"href":"https:\/\/losadavinosdefinca.es\/en\/wp-json\/wp\/v2\/product_tag?post=11359"}],"curies":[{"name":"wp","href":"https:\/\/api.w.org\/{rel}","templated":true}]}}