{"id":11663,"date":"2025-12-17T15:23:48","date_gmt":"2025-12-17T14:23:48","guid":{"rendered":"https:\/\/losadavinosdefinca.es\/?post_type=product&#038;p=11663"},"modified":"2026-01-20T00:00:14","modified_gmt":"2026-01-19T23:00:14","slug":"pack-altos-de-losada","status":"publish","type":"product","link":"https:\/\/losadavinosdefinca.es\/en\/product\/pack-altos-de-losada\/","title":{"rendered":"Pack Altos de Losada"},"content":{"rendered":"\t\t<div data-elementor-type=\"product-post\" data-elementor-id=\"11663\" class=\"elementor elementor-11663\">\n\t\t\t\t\t\t<section class=\"elementor-section elementor-top-section elementor-element elementor-element-7a1f614 elementor-section-boxed elementor-section-height-default elementor-section-height-default\" data-id=\"7a1f614\" data-element_type=\"section\" data-e-type=\"section\">\n\t\t\t\t\t\t<div class=\"elementor-container elementor-column-gap-default\">\n\t\t\t\t\t<div class=\"elementor-column elementor-col-100 elementor-top-column elementor-element elementor-element-77a4cab\" data-id=\"77a4cab\" data-element_type=\"column\" data-e-type=\"column\">\n\t\t\t<div class=\"elementor-widget-wrap elementor-element-populated\">\n\t\t\t\t\t\t<div class=\"elementor-element elementor-element-c4354e3 elementor-widget elementor-widget-text-editor\" data-id=\"c4354e3\" data-element_type=\"widget\" data-e-type=\"widget\" data-widget_type=\"text-editor.default\">\n\t\t\t\t<div class=\"elementor-widget-container\">\n\t\t\t\t\t\t\t\t\t<p>Este pack re\u00fane tres botellas de <strong data-start=\"300\" data-end=\"319\">Altos de Losada<\/strong>, el reflejo m\u00e1s puro del Bierzo y de la Menc\u00eda de vi\u00f1edos viejos. Un vino profundo, elegante y lleno de matices, ideal para quienes buscan autenticidad, car\u00e1cter y una experiencia gastron\u00f3mica de alto nivel.<\/p>\t\t\t\t\t\t\t\t<\/div>\n\t\t\t\t<\/div>\n\t\t\t\t\t<\/div>\n\t\t<\/div>\n\t\t\t\t\t<\/div>\n\t\t<\/section>\n\t\t\t\t<\/div>\n\t\t","protected":false},"excerpt":{"rendered":"<p>Este pack re\u00fane tres botellas de <strong data-start=\"300\" data-end=\"319\">Altos de Losada<\/strong>, el reflejo m\u00e1s puro del Bierzo y de la Menc\u00eda de vi\u00f1edos viejos. Un vino profundo, elegante y lleno de matices, ideal para quienes buscan autenticidad, car\u00e1cter y una experiencia gastron\u00f3mica de alto nivel.<\/p>\n","protected":false},"featured_media":11858,"comment_status":"open","ping_status":"closed","template":"","meta":[],"product_brand":[],"product_cat":[30],"product_tag":[75,108,109,106,107],"class_list":{"0":"post-11663","1":"product","2":"type-product","3":"status-publish","4":"has-post-thumbnail","6":"product_cat-ideas-para-regalar-vino-y-accesorios","7":"product_tag-altos-de-losada","8":"product_tag-ideas-regalos","9":"product_tag-losada-vinos-de-finca","10":"product_tag-pack-vino","11":"product_tag-regalar-vino","13":"first","14":"instock","15":"taxable","16":"shipping-taxable","17":"purchasable","18":"product-type-simple"},"yoast_head":"<!-- This site is optimized with the Yoast SEO plugin v27.3 - https:\/\/yoast.com\/product\/yoast-seo-wordpress\/ -->\n<title>Pack Altos de Losada - Losada Vinos de Finca<\/title>\n<meta name=\"description\" content=\"Este pack re\u00fane tres botellas de Altos de Losada, el reflejo m\u00e1s puro del Bierzo y de la Menc\u00eda de vi\u00f1edos viejos. Un vino profundo y lleno de matices.\" \/>\n<meta name=\"robots\" content=\"index, follow, max-snippet:-1, max-image-preview:large, max-video-preview:-1\" \/>\n<link rel=\"canonical\" href=\"https:\/\/losadavinosdefinca.es\/product\/pack-altos-de-losada\/\" \/>\n<meta property=\"og:locale\" content=\"en_US\" \/>\n<meta property=\"og:type\" content=\"article\" \/>\n<meta property=\"og:title\" content=\"Pack Altos de Losada - Losada Vinos de Finca\" \/>\n<meta property=\"og:description\" content=\"Este pack re\u00fane tres botellas de Altos de Losada, el reflejo m\u00e1s puro del Bierzo y de la Menc\u00eda de vi\u00f1edos viejos. Un vino profundo y lleno de matices.\" \/>\n<meta property=\"og:url\" content=\"https:\/\/losadavinosdefinca.es\/product\/pack-altos-de-losada\/\" \/>\n<meta property=\"og:site_name\" content=\"Losada Vinos de finca\" \/>\n<meta property=\"article:modified_time\" content=\"2026-01-19T23:00:14+00:00\" \/>\n<meta property=\"og:image\" content=\"https:\/\/losadavinosdefinca.es\/wp-content\/uploads\/2025\/12\/Pack-Pleck-3-Altos-2.png\" \/>\n\t<meta property=\"og:image:width\" content=\"880\" \/>\n\t<meta property=\"og:image:height\" content=\"773\" \/>\n\t<meta property=\"og:image:type\" content=\"image\/png\" \/>\n<meta name=\"twitter:card\" content=\"summary_large_image\" \/>\n<meta name=\"twitter:label1\" content=\"Est. reading time\" \/>\n\t<meta name=\"twitter:data1\" content=\"1 minute\" \/>\n<script type=\"application\/ld+json\" class=\"yoast-schema-graph\">{\"@context\":\"https:\\\/\\\/schema.org\",\"@graph\":[{\"@type\":\"WebPage\",\"@id\":\"https:\\\/\\\/losadavinosdefinca.es\\\/product\\\/pack-altos-de-losada\\\/\",\"url\":\"https:\\\/\\\/losadavinosdefinca.es\\\/product\\\/pack-altos-de-losada\\\/\",\"name\":\"Pack Altos de Losada - Losada Vinos de Finca\",\"isPartOf\":{\"@id\":\"https:\\\/\\\/losadavinosdefinca.es\\\/#website\"},\"primaryImageOfPage\":{\"@id\":\"https:\\\/\\\/losadavinosdefinca.es\\\/product\\\/pack-altos-de-losada\\\/#primaryimage\"},\"image\":{\"@id\":\"https:\\\/\\\/losadavinosdefinca.es\\\/product\\\/pack-altos-de-losada\\\/#primaryimage\"},\"thumbnailUrl\":\"https:\\\/\\\/losadavinosdefinca.es\\\/wp-content\\\/uploads\\\/2025\\\/12\\\/Pack-Pleck-3-Altos-2.png\",\"datePublished\":\"2025-12-17T14:23:48+00:00\",\"dateModified\":\"2026-01-19T23:00:14+00:00\",\"description\":\"Este pack re\u00fane tres botellas de Altos de Losada, el reflejo m\u00e1s puro del Bierzo y de la Menc\u00eda de vi\u00f1edos viejos. Un vino profundo y lleno de matices.\",\"breadcrumb\":{\"@id\":\"https:\\\/\\\/losadavinosdefinca.es\\\/product\\\/pack-altos-de-losada\\\/#breadcrumb\"},\"inLanguage\":\"en-US\",\"potentialAction\":[{\"@type\":\"ReadAction\",\"target\":[\"https:\\\/\\\/losadavinosdefinca.es\\\/product\\\/pack-altos-de-losada\\\/\"]}]},{\"@type\":\"ImageObject\",\"inLanguage\":\"en-US\",\"@id\":\"https:\\\/\\\/losadavinosdefinca.es\\\/product\\\/pack-altos-de-losada\\\/#primaryimage\",\"url\":\"https:\\\/\\\/losadavinosdefinca.es\\\/wp-content\\\/uploads\\\/2025\\\/12\\\/Pack-Pleck-3-Altos-2.png\",\"contentUrl\":\"https:\\\/\\\/losadavinosdefinca.es\\\/wp-content\\\/uploads\\\/2025\\\/12\\\/Pack-Pleck-3-Altos-2.png\",\"width\":880,\"height\":773},{\"@type\":\"BreadcrumbList\",\"@id\":\"https:\\\/\\\/losadavinosdefinca.es\\\/product\\\/pack-altos-de-losada\\\/#breadcrumb\",\"itemListElement\":[{\"@type\":\"ListItem\",\"position\":1,\"name\":\"Portada\",\"item\":\"https:\\\/\\\/losadavinosdefinca.es\\\/\"},{\"@type\":\"ListItem\",\"position\":2,\"name\":\"TIENDA\",\"item\":\"https:\\\/\\\/losadavinosdefinca.es\\\/tienda\\\/\"},{\"@type\":\"ListItem\",\"position\":3,\"name\":\"Pack Altos de Losada\"}]},{\"@type\":\"WebSite\",\"@id\":\"https:\\\/\\\/losadavinosdefinca.es\\\/#website\",\"url\":\"https:\\\/\\\/losadavinosdefinca.es\\\/\",\"name\":\"Losada Vinos de finca\",\"description\":\"Losada\",\"publisher\":{\"@id\":\"https:\\\/\\\/losadavinosdefinca.es\\\/#organization\"},\"potentialAction\":[{\"@type\":\"SearchAction\",\"target\":{\"@type\":\"EntryPoint\",\"urlTemplate\":\"https:\\\/\\\/losadavinosdefinca.es\\\/?s={search_term_string}\"},\"query-input\":{\"@type\":\"PropertyValueSpecification\",\"valueRequired\":true,\"valueName\":\"search_term_string\"}}],\"inLanguage\":\"en-US\"},{\"@type\":\"Organization\",\"@id\":\"https:\\\/\\\/losadavinosdefinca.es\\\/#organization\",\"name\":\"Losada Vinos de finca\",\"url\":\"https:\\\/\\\/losadavinosdefinca.es\\\/\",\"logo\":{\"@type\":\"ImageObject\",\"inLanguage\":\"en-US\",\"@id\":\"https:\\\/\\\/losadavinosdefinca.es\\\/#\\\/schema\\\/logo\\\/image\\\/\",\"url\":\"https:\\\/\\\/losadavinosdefinca.es\\\/wp-content\\\/uploads\\\/2023\\\/02\\\/logo-losada-apaisado.png\",\"contentUrl\":\"https:\\\/\\\/losadavinosdefinca.es\\\/wp-content\\\/uploads\\\/2023\\\/02\\\/logo-losada-apaisado.png\",\"width\":1129,\"height\":287,\"caption\":\"Losada Vinos de finca\"},\"image\":{\"@id\":\"https:\\\/\\\/losadavinosdefinca.es\\\/#\\\/schema\\\/logo\\\/image\\\/\"}}]}<\/script>\n<!-- \/ Yoast SEO plugin. -->","yoast_head_json":{"title":"Pack Altos de Losada - Losada Vinos de Finca","description":"Este pack re\u00fane tres botellas de Altos de Losada, el reflejo m\u00e1s puro del Bierzo y de la Menc\u00eda de vi\u00f1edos viejos. Un vino profundo y lleno de matices.","robots":{"index":"index","follow":"follow","max-snippet":"max-snippet:-1","max-image-preview":"max-image-preview:large","max-video-preview":"max-video-preview:-1"},"canonical":"https:\/\/losadavinosdefinca.es\/product\/pack-altos-de-losada\/","og_locale":"en_US","og_type":"article","og_title":"Pack Altos de Losada - Losada Vinos de Finca","og_description":"Este pack re\u00fane tres botellas de Altos de Losada, el reflejo m\u00e1s puro del Bierzo y de la Menc\u00eda de vi\u00f1edos viejos. Un vino profundo y lleno de matices.","og_url":"https:\/\/losadavinosdefinca.es\/product\/pack-altos-de-losada\/","og_site_name":"Losada Vinos de finca","article_modified_time":"2026-01-19T23:00:14+00:00","og_image":[{"width":880,"height":773,"url":"https:\/\/losadavinosdefinca.es\/wp-content\/uploads\/2025\/12\/Pack-Pleck-3-Altos-2.png","type":"image\/png"}],"twitter_card":"summary_large_image","twitter_misc":{"Est. reading time":"1 minute"},"schema":{"@context":"https:\/\/schema.org","@graph":[{"@type":"WebPage","@id":"https:\/\/losadavinosdefinca.es\/product\/pack-altos-de-losada\/","url":"https:\/\/losadavinosdefinca.es\/product\/pack-altos-de-losada\/","name":"Pack Altos de Losada - Losada Vinos de Finca","isPartOf":{"@id":"https:\/\/losadavinosdefinca.es\/#website"},"primaryImageOfPage":{"@id":"https:\/\/losadavinosdefinca.es\/product\/pack-altos-de-losada\/#primaryimage"},"image":{"@id":"https:\/\/losadavinosdefinca.es\/product\/pack-altos-de-losada\/#primaryimage"},"thumbnailUrl":"https:\/\/losadavinosdefinca.es\/wp-content\/uploads\/2025\/12\/Pack-Pleck-3-Altos-2.png","datePublished":"2025-12-17T14:23:48+00:00","dateModified":"2026-01-19T23:00:14+00:00","description":"Este pack re\u00fane tres botellas de Altos de Losada, el reflejo m\u00e1s puro del Bierzo y de la Menc\u00eda de vi\u00f1edos viejos. Un vino profundo y lleno de matices.","breadcrumb":{"@id":"https:\/\/losadavinosdefinca.es\/product\/pack-altos-de-losada\/#breadcrumb"},"inLanguage":"en-US","potentialAction":[{"@type":"ReadAction","target":["https:\/\/losadavinosdefinca.es\/product\/pack-altos-de-losada\/"]}]},{"@type":"ImageObject","inLanguage":"en-US","@id":"https:\/\/losadavinosdefinca.es\/product\/pack-altos-de-losada\/#primaryimage","url":"https:\/\/losadavinosdefinca.es\/wp-content\/uploads\/2025\/12\/Pack-Pleck-3-Altos-2.png","contentUrl":"https:\/\/losadavinosdefinca.es\/wp-content\/uploads\/2025\/12\/Pack-Pleck-3-Altos-2.png","width":880,"height":773},{"@type":"BreadcrumbList","@id":"https:\/\/losadavinosdefinca.es\/product\/pack-altos-de-losada\/#breadcrumb","itemListElement":[{"@type":"ListItem","position":1,"name":"Portada","item":"https:\/\/losadavinosdefinca.es\/"},{"@type":"ListItem","position":2,"name":"TIENDA","item":"https:\/\/losadavinosdefinca.es\/tienda\/"},{"@type":"ListItem","position":3,"name":"Pack Altos de Losada"}]},{"@type":"WebSite","@id":"https:\/\/losadavinosdefinca.es\/#website","url":"https:\/\/losadavinosdefinca.es\/","name":"Losada Vinos de finca","description":"Losada","publisher":{"@id":"https:\/\/losadavinosdefinca.es\/#organization"},"potentialAction":[{"@type":"SearchAction","target":{"@type":"EntryPoint","urlTemplate":"https:\/\/losadavinosdefinca.es\/?s={search_term_string}"},"query-input":{"@type":"PropertyValueSpecification","valueRequired":true,"valueName":"search_term_string"}}],"inLanguage":"en-US"},{"@type":"Organization","@id":"https:\/\/losadavinosdefinca.es\/#organization","name":"Losada Vinos de finca","url":"https:\/\/losadavinosdefinca.es\/","logo":{"@type":"ImageObject","inLanguage":"en-US","@id":"https:\/\/losadavinosdefinca.es\/#\/schema\/logo\/image\/","url":"https:\/\/losadavinosdefinca.es\/wp-content\/uploads\/2023\/02\/logo-losada-apaisado.png","contentUrl":"https:\/\/losadavinosdefinca.es\/wp-content\/uploads\/2023\/02\/logo-losada-apaisado.png","width":1129,"height":287,"caption":"Losada Vinos de finca"},"image":{"@id":"https:\/\/losadavinosdefinca.es\/#\/schema\/logo\/image\/"}}]}},"_links":{"self":[{"href":"https:\/\/losadavinosdefinca.es\/en\/wp-json\/wp\/v2\/product\/11663","targetHints":{"allow":["GET"]}}],"collection":[{"href":"https:\/\/losadavinosdefinca.es\/en\/wp-json\/wp\/v2\/product"}],"about":[{"href":"https:\/\/losadavinosdefinca.es\/en\/wp-json\/wp\/v2\/types\/product"}],"replies":[{"embeddable":true,"href":"https:\/\/losadavinosdefinca.es\/en\/wp-json\/wp\/v2\/comments?post=11663"}],"version-history":[{"count":19,"href":"https:\/\/losadavinosdefinca.es\/en\/wp-json\/wp\/v2\/product\/11663\/revisions"}],"predecessor-version":[{"id":11763,"href":"https:\/\/losadavinosdefinca.es\/en\/wp-json\/wp\/v2\/product\/11663\/revisions\/11763"}],"wp:featuredmedia":[{"embeddable":true,"href":"https:\/\/losadavinosdefinca.es\/en\/wp-json\/wp\/v2\/media\/11858"}],"wp:attachment":[{"href":"https:\/\/losadavinosdefinca.es\/en\/wp-json\/wp\/v2\/media?parent=11663"}],"wp:term":[{"taxonomy":"product_brand","embeddable":true,"href":"https:\/\/losadavinosdefinca.es\/en\/wp-json\/wp\/v2\/product_brand?post=11663"},{"taxonomy":"product_cat","embeddable":true,"href":"https:\/\/losadavinosdefinca.es\/en\/wp-json\/wp\/v2\/product_cat?post=11663"},{"taxonomy":"product_tag","embeddable":true,"href":"https:\/\/losadavinosdefinca.es\/en\/wp-json\/wp\/v2\/product_tag?post=11663"}],"curies":[{"name":"wp","href":"https:\/\/api.w.org\/{rel}","templated":true}]}}