{"id":11699,"date":"2025-12-16T17:15:13","date_gmt":"2025-12-16T16:15:13","guid":{"rendered":"https:\/\/losadavinosdefinca.es\/?post_type=product&#038;p=11699"},"modified":"2026-01-20T00:00:14","modified_gmt":"2026-01-19T23:00:14","slug":"estuche-altos-de-losada-seleccion-de-anada","status":"publish","type":"product","link":"https:\/\/losadavinosdefinca.es\/en\/product\/estuche-altos-de-losada-seleccion-de-anada\/","title":{"rendered":"Estuche Altos de Losada Selecci\u00f3n de A\u00f1ada"},"content":{"rendered":"\t\t<div data-elementor-type=\"product-post\" data-elementor-id=\"11699\" class=\"elementor elementor-11699\">\n\t\t\t\t\t\t<section class=\"elementor-section elementor-top-section elementor-element elementor-element-7a1f614 elementor-section-boxed elementor-section-height-default elementor-section-height-default\" data-id=\"7a1f614\" data-element_type=\"section\" data-e-type=\"section\">\n\t\t\t\t\t\t<div class=\"elementor-container elementor-column-gap-default\">\n\t\t\t\t\t<div class=\"elementor-column elementor-col-100 elementor-top-column elementor-element elementor-element-77a4cab\" data-id=\"77a4cab\" data-element_type=\"column\" data-e-type=\"column\">\n\t\t\t<div class=\"elementor-widget-wrap elementor-element-populated\">\n\t\t\t\t\t\t<div class=\"elementor-element elementor-element-c4354e3 elementor-widget elementor-widget-text-editor\" data-id=\"c4354e3\" data-element_type=\"widget\" data-e-type=\"widget\" data-widget_type=\"text-editor.default\">\n\t\t\t\t<div class=\"elementor-widget-container\">\n\t\t\t\t\t\t\t\t\t<p>Un estuche pensado para regalar momentos especiales. Tres botellas de <strong data-start=\"274\" data-end=\"312\">Altos de Losada Selecci\u00f3n de A\u00f1ada<\/strong>, presentadas en un elegante estuche negro con detalles en madera, que reflejan el cuidado, la historia y la emoci\u00f3n de compartir un gran vino.<\/p>\t\t\t\t\t\t\t\t<\/div>\n\t\t\t\t<\/div>\n\t\t\t\t\t<\/div>\n\t\t<\/div>\n\t\t\t\t\t<\/div>\n\t\t<\/section>\n\t\t\t\t<\/div>\n\t\t","protected":false},"excerpt":{"rendered":"<p data-start=\"1031\" data-end=\"1076\">Este estuche re\u00fane tres botellas de <strong data-start=\"224\" data-end=\"262\">Altos de Losada Selecci\u00f3n de A\u00f1ada<\/strong>, una expresi\u00f3n excepcional de nuestras mejores parcelas. Presentado en un estuche <strong data-start=\"376\" data-end=\"413\">negro de dise\u00f1o sobrio y elegante<\/strong>, con <strong data-start=\"419\" data-end=\"441\">detalles en madera<\/strong>, es un regalo exclusivo que transmite car\u00e1cter, distinci\u00f3n y cuidado por cada detalle. Un vino profundo, refinado y con gran capacidad de guarda, pensado para quienes valoran la excelencia y los momentos verdaderamente especiales.<\/p>\n","protected":false},"featured_media":11671,"comment_status":"open","ping_status":"closed","template":"","meta":[],"product_brand":[],"product_cat":[30],"product_tag":[75,112,108,109,106,107,74,113],"class_list":{"0":"post-11699","1":"product","2":"type-product","3":"status-publish","4":"has-post-thumbnail","6":"product_cat-ideas-para-regalar-vino-y-accesorios","7":"product_tag-altos-de-losada","8":"product_tag-elegante","9":"product_tag-ideas-regalos","10":"product_tag-losada-vinos-de-finca","11":"product_tag-pack-vino","12":"product_tag-regalar-vino","13":"product_tag-seleccion-de-anada","14":"product_tag-vino-exclusivo","16":"first","17":"instock","18":"taxable","19":"shipping-taxable","20":"purchasable","21":"product-type-simple"},"yoast_head":"<!-- This site is optimized with the Yoast SEO plugin v27.3 - https:\/\/yoast.com\/product\/yoast-seo-wordpress\/ -->\n<title>Estuche Altos de Losada Selecci\u00f3n de A\u00f1ada<\/title>\n<meta name=\"description\" content=\"Tres botellas de Altos Selecci\u00f3n de A\u00f1ada presentadas en un elegante estuche negro. Un regalo exclusivo que une distinci\u00f3n y car\u00e1cter.\" \/>\n<meta name=\"robots\" content=\"index, follow, max-snippet:-1, max-image-preview:large, max-video-preview:-1\" \/>\n<link rel=\"canonical\" href=\"https:\/\/losadavinosdefinca.es\/product\/estuche-altos-de-losada-seleccion-de-anada\/\" \/>\n<meta property=\"og:locale\" content=\"en_US\" \/>\n<meta property=\"og:type\" content=\"article\" \/>\n<meta property=\"og:title\" content=\"Estuche Altos de Losada Selecci\u00f3n de A\u00f1ada\" \/>\n<meta property=\"og:description\" content=\"Tres botellas de Altos Selecci\u00f3n de A\u00f1ada presentadas en un elegante estuche negro. Un regalo exclusivo que une distinci\u00f3n y car\u00e1cter.\" \/>\n<meta property=\"og:url\" content=\"https:\/\/losadavinosdefinca.es\/product\/estuche-altos-de-losada-seleccion-de-anada\/\" \/>\n<meta property=\"og:site_name\" content=\"Losada Vinos de finca\" \/>\n<meta property=\"article:modified_time\" content=\"2026-01-19T23:00:14+00:00\" \/>\n<meta property=\"og:image\" content=\"https:\/\/losadavinosdefinca.es\/wp-content\/uploads\/2025\/12\/Seleccion-anada.png\" \/>\n\t<meta property=\"og:image:width\" content=\"1200\" \/>\n\t<meta property=\"og:image:height\" content=\"1200\" \/>\n\t<meta property=\"og:image:type\" content=\"image\/png\" \/>\n<meta name=\"twitter:card\" content=\"summary_large_image\" \/>\n<meta name=\"twitter:label1\" content=\"Est. reading time\" \/>\n\t<meta name=\"twitter:data1\" content=\"1 minute\" \/>\n<script type=\"application\/ld+json\" class=\"yoast-schema-graph\">{\"@context\":\"https:\\\/\\\/schema.org\",\"@graph\":[{\"@type\":\"WebPage\",\"@id\":\"https:\\\/\\\/losadavinosdefinca.es\\\/product\\\/estuche-altos-de-losada-seleccion-de-anada\\\/\",\"url\":\"https:\\\/\\\/losadavinosdefinca.es\\\/product\\\/estuche-altos-de-losada-seleccion-de-anada\\\/\",\"name\":\"Estuche Altos de Losada Selecci\u00f3n de A\u00f1ada\",\"isPartOf\":{\"@id\":\"https:\\\/\\\/losadavinosdefinca.es\\\/#website\"},\"primaryImageOfPage\":{\"@id\":\"https:\\\/\\\/losadavinosdefinca.es\\\/product\\\/estuche-altos-de-losada-seleccion-de-anada\\\/#primaryimage\"},\"image\":{\"@id\":\"https:\\\/\\\/losadavinosdefinca.es\\\/product\\\/estuche-altos-de-losada-seleccion-de-anada\\\/#primaryimage\"},\"thumbnailUrl\":\"https:\\\/\\\/losadavinosdefinca.es\\\/wp-content\\\/uploads\\\/2025\\\/12\\\/Seleccion-anada.png\",\"datePublished\":\"2025-12-16T16:15:13+00:00\",\"dateModified\":\"2026-01-19T23:00:14+00:00\",\"description\":\"Tres botellas de Altos Selecci\u00f3n de A\u00f1ada presentadas en un elegante estuche negro. Un regalo exclusivo que une distinci\u00f3n y car\u00e1cter.\",\"breadcrumb\":{\"@id\":\"https:\\\/\\\/losadavinosdefinca.es\\\/product\\\/estuche-altos-de-losada-seleccion-de-anada\\\/#breadcrumb\"},\"inLanguage\":\"en-US\",\"potentialAction\":[{\"@type\":\"ReadAction\",\"target\":[\"https:\\\/\\\/losadavinosdefinca.es\\\/product\\\/estuche-altos-de-losada-seleccion-de-anada\\\/\"]}]},{\"@type\":\"ImageObject\",\"inLanguage\":\"en-US\",\"@id\":\"https:\\\/\\\/losadavinosdefinca.es\\\/product\\\/estuche-altos-de-losada-seleccion-de-anada\\\/#primaryimage\",\"url\":\"https:\\\/\\\/losadavinosdefinca.es\\\/wp-content\\\/uploads\\\/2025\\\/12\\\/Seleccion-anada.png\",\"contentUrl\":\"https:\\\/\\\/losadavinosdefinca.es\\\/wp-content\\\/uploads\\\/2025\\\/12\\\/Seleccion-anada.png\",\"width\":1200,\"height\":1200},{\"@type\":\"BreadcrumbList\",\"@id\":\"https:\\\/\\\/losadavinosdefinca.es\\\/product\\\/estuche-altos-de-losada-seleccion-de-anada\\\/#breadcrumb\",\"itemListElement\":[{\"@type\":\"ListItem\",\"position\":1,\"name\":\"Portada\",\"item\":\"https:\\\/\\\/losadavinosdefinca.es\\\/\"},{\"@type\":\"ListItem\",\"position\":2,\"name\":\"TIENDA\",\"item\":\"https:\\\/\\\/losadavinosdefinca.es\\\/tienda\\\/\"},{\"@type\":\"ListItem\",\"position\":3,\"name\":\"Estuche Altos de Losada Selecci\u00f3n de A\u00f1ada\"}]},{\"@type\":\"WebSite\",\"@id\":\"https:\\\/\\\/losadavinosdefinca.es\\\/#website\",\"url\":\"https:\\\/\\\/losadavinosdefinca.es\\\/\",\"name\":\"Losada Vinos de finca\",\"description\":\"Losada\",\"publisher\":{\"@id\":\"https:\\\/\\\/losadavinosdefinca.es\\\/#organization\"},\"potentialAction\":[{\"@type\":\"SearchAction\",\"target\":{\"@type\":\"EntryPoint\",\"urlTemplate\":\"https:\\\/\\\/losadavinosdefinca.es\\\/?s={search_term_string}\"},\"query-input\":{\"@type\":\"PropertyValueSpecification\",\"valueRequired\":true,\"valueName\":\"search_term_string\"}}],\"inLanguage\":\"en-US\"},{\"@type\":\"Organization\",\"@id\":\"https:\\\/\\\/losadavinosdefinca.es\\\/#organization\",\"name\":\"Losada Vinos de finca\",\"url\":\"https:\\\/\\\/losadavinosdefinca.es\\\/\",\"logo\":{\"@type\":\"ImageObject\",\"inLanguage\":\"en-US\",\"@id\":\"https:\\\/\\\/losadavinosdefinca.es\\\/#\\\/schema\\\/logo\\\/image\\\/\",\"url\":\"https:\\\/\\\/losadavinosdefinca.es\\\/wp-content\\\/uploads\\\/2023\\\/02\\\/logo-losada-apaisado.png\",\"contentUrl\":\"https:\\\/\\\/losadavinosdefinca.es\\\/wp-content\\\/uploads\\\/2023\\\/02\\\/logo-losada-apaisado.png\",\"width\":1129,\"height\":287,\"caption\":\"Losada Vinos de finca\"},\"image\":{\"@id\":\"https:\\\/\\\/losadavinosdefinca.es\\\/#\\\/schema\\\/logo\\\/image\\\/\"}}]}<\/script>\n<!-- \/ Yoast SEO plugin. -->","yoast_head_json":{"title":"Estuche Altos de Losada Selecci\u00f3n de A\u00f1ada","description":"Tres botellas de Altos Selecci\u00f3n de A\u00f1ada presentadas en un elegante estuche negro. Un regalo exclusivo que une distinci\u00f3n y car\u00e1cter.","robots":{"index":"index","follow":"follow","max-snippet":"max-snippet:-1","max-image-preview":"max-image-preview:large","max-video-preview":"max-video-preview:-1"},"canonical":"https:\/\/losadavinosdefinca.es\/product\/estuche-altos-de-losada-seleccion-de-anada\/","og_locale":"en_US","og_type":"article","og_title":"Estuche Altos de Losada Selecci\u00f3n de A\u00f1ada","og_description":"Tres botellas de Altos Selecci\u00f3n de A\u00f1ada presentadas en un elegante estuche negro. Un regalo exclusivo que une distinci\u00f3n y car\u00e1cter.","og_url":"https:\/\/losadavinosdefinca.es\/product\/estuche-altos-de-losada-seleccion-de-anada\/","og_site_name":"Losada Vinos de finca","article_modified_time":"2026-01-19T23:00:14+00:00","og_image":[{"width":1200,"height":1200,"url":"https:\/\/losadavinosdefinca.es\/wp-content\/uploads\/2025\/12\/Seleccion-anada.png","type":"image\/png"}],"twitter_card":"summary_large_image","twitter_misc":{"Est. reading time":"1 minute"},"schema":{"@context":"https:\/\/schema.org","@graph":[{"@type":"WebPage","@id":"https:\/\/losadavinosdefinca.es\/product\/estuche-altos-de-losada-seleccion-de-anada\/","url":"https:\/\/losadavinosdefinca.es\/product\/estuche-altos-de-losada-seleccion-de-anada\/","name":"Estuche Altos de Losada Selecci\u00f3n de A\u00f1ada","isPartOf":{"@id":"https:\/\/losadavinosdefinca.es\/#website"},"primaryImageOfPage":{"@id":"https:\/\/losadavinosdefinca.es\/product\/estuche-altos-de-losada-seleccion-de-anada\/#primaryimage"},"image":{"@id":"https:\/\/losadavinosdefinca.es\/product\/estuche-altos-de-losada-seleccion-de-anada\/#primaryimage"},"thumbnailUrl":"https:\/\/losadavinosdefinca.es\/wp-content\/uploads\/2025\/12\/Seleccion-anada.png","datePublished":"2025-12-16T16:15:13+00:00","dateModified":"2026-01-19T23:00:14+00:00","description":"Tres botellas de Altos Selecci\u00f3n de A\u00f1ada presentadas en un elegante estuche negro. Un regalo exclusivo que une distinci\u00f3n y car\u00e1cter.","breadcrumb":{"@id":"https:\/\/losadavinosdefinca.es\/product\/estuche-altos-de-losada-seleccion-de-anada\/#breadcrumb"},"inLanguage":"en-US","potentialAction":[{"@type":"ReadAction","target":["https:\/\/losadavinosdefinca.es\/product\/estuche-altos-de-losada-seleccion-de-anada\/"]}]},{"@type":"ImageObject","inLanguage":"en-US","@id":"https:\/\/losadavinosdefinca.es\/product\/estuche-altos-de-losada-seleccion-de-anada\/#primaryimage","url":"https:\/\/losadavinosdefinca.es\/wp-content\/uploads\/2025\/12\/Seleccion-anada.png","contentUrl":"https:\/\/losadavinosdefinca.es\/wp-content\/uploads\/2025\/12\/Seleccion-anada.png","width":1200,"height":1200},{"@type":"BreadcrumbList","@id":"https:\/\/losadavinosdefinca.es\/product\/estuche-altos-de-losada-seleccion-de-anada\/#breadcrumb","itemListElement":[{"@type":"ListItem","position":1,"name":"Portada","item":"https:\/\/losadavinosdefinca.es\/"},{"@type":"ListItem","position":2,"name":"TIENDA","item":"https:\/\/losadavinosdefinca.es\/tienda\/"},{"@type":"ListItem","position":3,"name":"Estuche Altos de Losada Selecci\u00f3n de A\u00f1ada"}]},{"@type":"WebSite","@id":"https:\/\/losadavinosdefinca.es\/#website","url":"https:\/\/losadavinosdefinca.es\/","name":"Losada Vinos de finca","description":"Losada","publisher":{"@id":"https:\/\/losadavinosdefinca.es\/#organization"},"potentialAction":[{"@type":"SearchAction","target":{"@type":"EntryPoint","urlTemplate":"https:\/\/losadavinosdefinca.es\/?s={search_term_string}"},"query-input":{"@type":"PropertyValueSpecification","valueRequired":true,"valueName":"search_term_string"}}],"inLanguage":"en-US"},{"@type":"Organization","@id":"https:\/\/losadavinosdefinca.es\/#organization","name":"Losada Vinos de finca","url":"https:\/\/losadavinosdefinca.es\/","logo":{"@type":"ImageObject","inLanguage":"en-US","@id":"https:\/\/losadavinosdefinca.es\/#\/schema\/logo\/image\/","url":"https:\/\/losadavinosdefinca.es\/wp-content\/uploads\/2023\/02\/logo-losada-apaisado.png","contentUrl":"https:\/\/losadavinosdefinca.es\/wp-content\/uploads\/2023\/02\/logo-losada-apaisado.png","width":1129,"height":287,"caption":"Losada Vinos de finca"},"image":{"@id":"https:\/\/losadavinosdefinca.es\/#\/schema\/logo\/image\/"}}]}},"_links":{"self":[{"href":"https:\/\/losadavinosdefinca.es\/en\/wp-json\/wp\/v2\/product\/11699","targetHints":{"allow":["GET"]}}],"collection":[{"href":"https:\/\/losadavinosdefinca.es\/en\/wp-json\/wp\/v2\/product"}],"about":[{"href":"https:\/\/losadavinosdefinca.es\/en\/wp-json\/wp\/v2\/types\/product"}],"replies":[{"embeddable":true,"href":"https:\/\/losadavinosdefinca.es\/en\/wp-json\/wp\/v2\/comments?post=11699"}],"version-history":[{"count":19,"href":"https:\/\/losadavinosdefinca.es\/en\/wp-json\/wp\/v2\/product\/11699\/revisions"}],"predecessor-version":[{"id":11750,"href":"https:\/\/losadavinosdefinca.es\/en\/wp-json\/wp\/v2\/product\/11699\/revisions\/11750"}],"wp:featuredmedia":[{"embeddable":true,"href":"https:\/\/losadavinosdefinca.es\/en\/wp-json\/wp\/v2\/media\/11671"}],"wp:attachment":[{"href":"https:\/\/losadavinosdefinca.es\/en\/wp-json\/wp\/v2\/media?parent=11699"}],"wp:term":[{"taxonomy":"product_brand","embeddable":true,"href":"https:\/\/losadavinosdefinca.es\/en\/wp-json\/wp\/v2\/product_brand?post=11699"},{"taxonomy":"product_cat","embeddable":true,"href":"https:\/\/losadavinosdefinca.es\/en\/wp-json\/wp\/v2\/product_cat?post=11699"},{"taxonomy":"product_tag","embeddable":true,"href":"https:\/\/losadavinosdefinca.es\/en\/wp-json\/wp\/v2\/product_tag?post=11699"}],"curies":[{"name":"wp","href":"https:\/\/api.w.org\/{rel}","templated":true}]}}