{"id":4097,"date":"2023-04-01T14:09:09","date_gmt":"2023-04-01T13:09:09","guid":{"rendered":"https:\/\/losadavinosdefinca.es\/?post_type=product&#038;p=4097"},"modified":"2026-01-20T00:00:15","modified_gmt":"2026-01-19T23:00:15","slug":"el-pajaro-rojo","status":"publish","type":"product","link":"https:\/\/losadavinosdefinca.es\/en\/product\/el-pajaro-rojo\/","title":{"rendered":"El P\u00e1jaro Rojo"},"content":{"rendered":"\t\t<div data-elementor-type=\"product-post\" data-elementor-id=\"4097\" class=\"elementor elementor-4097\">\n\t\t\t\t\t\t<section class=\"elementor-section elementor-top-section elementor-element elementor-element-e3bcc11 elementor-section-boxed elementor-section-height-default elementor-section-height-default\" data-id=\"e3bcc11\" data-element_type=\"section\" data-e-type=\"section\">\n\t\t\t\t\t\t<div class=\"elementor-container elementor-column-gap-wide\">\n\t\t\t\t\t<div class=\"elementor-column elementor-col-100 elementor-top-column elementor-element elementor-element-fcb3db1\" data-id=\"fcb3db1\" data-element_type=\"column\" data-e-type=\"column\">\n\t\t\t<div class=\"elementor-widget-wrap elementor-element-populated\">\n\t\t\t\t\t\t<div class=\"elementor-element elementor-element-74b9b29 elementor-widget elementor-widget-text-editor\" data-id=\"74b9b29\" data-element_type=\"widget\" data-e-type=\"widget\" data-widget_type=\"text-editor.default\">\n\t\t\t\t<div class=\"elementor-widget-container\">\n\t\t\t\t\t\t\t\t\t<p>La menc\u00eda en estado puro.<\/p><p class=\"p1\">El P\u00e1jaro Rojo est\u00e1 elaborado a partir de la variedad menc\u00eda procedente de cepas viejas entre 30 y 40 a\u00f1os, seleccionada de las zonas m\u00e1s frescas, buscando un vino juvenil, afrutado, que muestre la variedad y el terru\u00f1o en su m\u00e1xima esencia. Elaboraci\u00f3n tradicional resaltando las sensaciones afrutadas y frescas propias del varietal.<\/p>\t\t\t\t\t\t\t\t<\/div>\n\t\t\t\t<\/div>\n\t\t\t\t<div class=\"elementor-element elementor-element-6ee527e elementor-widget elementor-widget-spacer\" data-id=\"6ee527e\" data-element_type=\"widget\" data-e-type=\"widget\" data-widget_type=\"spacer.default\">\n\t\t\t\t<div class=\"elementor-widget-container\">\n\t\t\t\t\t\t\t<div class=\"elementor-spacer\">\n\t\t\t<div class=\"elementor-spacer-inner\"><\/div>\n\t\t<\/div>\n\t\t\t\t\t\t<\/div>\n\t\t\t\t<\/div>\n\t\t\t\t<div class=\"elementor-element elementor-element-648622e elementor-widget elementor-widget-heading\" data-id=\"648622e\" data-element_type=\"widget\" data-e-type=\"widget\" data-widget_type=\"heading.default\">\n\t\t\t\t<div class=\"elementor-widget-container\">\n\t\t\t\t\t<h5 class=\"elementor-heading-title elementor-size-default\">Fincas<\/h5>\t\t\t\t<\/div>\n\t\t\t\t<\/div>\n\t\t\t\t<div class=\"elementor-element elementor-element-edf9745 elementor-widget elementor-widget-text-editor\" data-id=\"edf9745\" data-element_type=\"widget\" data-e-type=\"widget\" data-widget_type=\"text-editor.default\">\n\t\t\t\t<div class=\"elementor-widget-container\">\n\t\t\t\t\t\t\t\t\t<p class=\"p1\">Selecci\u00f3n de vi\u00f1edos viejos de menc\u00eda ubicados en Valtuille de Abajo, Pieros y Corull\u00f3n.<\/p>\t\t\t\t\t\t\t\t<\/div>\n\t\t\t\t<\/div>\n\t\t\t\t<div class=\"elementor-element elementor-element-841f2cb elementor-widget elementor-widget-spacer\" data-id=\"841f2cb\" data-element_type=\"widget\" data-e-type=\"widget\" data-widget_type=\"spacer.default\">\n\t\t\t\t<div class=\"elementor-widget-container\">\n\t\t\t\t\t\t\t<div class=\"elementor-spacer\">\n\t\t\t<div class=\"elementor-spacer-inner\"><\/div>\n\t\t<\/div>\n\t\t\t\t\t\t<\/div>\n\t\t\t\t<\/div>\n\t\t\t\t<div class=\"elementor-element elementor-element-c907803 elementor-widget elementor-widget-heading\" data-id=\"c907803\" data-element_type=\"widget\" data-e-type=\"widget\" data-widget_type=\"heading.default\">\n\t\t\t\t<div class=\"elementor-widget-container\">\n\t\t\t\t\t<h5 class=\"elementor-heading-title elementor-size-default\">Suelos<\/h5>\t\t\t\t<\/div>\n\t\t\t\t<\/div>\n\t\t\t\t<div class=\"elementor-element elementor-element-6bf35d4 elementor-widget elementor-widget-text-editor\" data-id=\"6bf35d4\" data-element_type=\"widget\" data-e-type=\"widget\" data-widget_type=\"text-editor.default\">\n\t\t\t\t<div class=\"elementor-widget-container\">\n\t\t\t\t\t\t\t\t\t<p class=\"p1\">Arcilla<\/p>\t\t\t\t\t\t\t\t<\/div>\n\t\t\t\t<\/div>\n\t\t\t\t<div class=\"elementor-element elementor-element-81c527a elementor-widget elementor-widget-spacer\" data-id=\"81c527a\" data-element_type=\"widget\" data-e-type=\"widget\" data-widget_type=\"spacer.default\">\n\t\t\t\t<div class=\"elementor-widget-container\">\n\t\t\t\t\t\t\t<div class=\"elementor-spacer\">\n\t\t\t<div class=\"elementor-spacer-inner\"><\/div>\n\t\t<\/div>\n\t\t\t\t\t\t<\/div>\n\t\t\t\t<\/div>\n\t\t\t\t<div class=\"elementor-element elementor-element-2d0c7bc elementor-widget elementor-widget-heading\" data-id=\"2d0c7bc\" data-element_type=\"widget\" data-e-type=\"widget\" data-widget_type=\"heading.default\">\n\t\t\t\t<div class=\"elementor-widget-container\">\n\t\t\t\t\t<h5 class=\"elementor-heading-title elementor-size-default\">Variedad<\/h5>\t\t\t\t<\/div>\n\t\t\t\t<\/div>\n\t\t\t\t<div class=\"elementor-element elementor-element-ab20276 elementor-widget elementor-widget-text-editor\" data-id=\"ab20276\" data-element_type=\"widget\" data-e-type=\"widget\" data-widget_type=\"text-editor.default\">\n\t\t\t\t<div class=\"elementor-widget-container\">\n\t\t\t\t\t\t\t\t\t<p class=\"p1\">Menc\u00eda<\/p>\t\t\t\t\t\t\t\t<\/div>\n\t\t\t\t<\/div>\n\t\t\t\t<div class=\"elementor-element elementor-element-83ae0aa elementor-widget elementor-widget-spacer\" data-id=\"83ae0aa\" data-element_type=\"widget\" data-e-type=\"widget\" data-widget_type=\"spacer.default\">\n\t\t\t\t<div class=\"elementor-widget-container\">\n\t\t\t\t\t\t\t<div class=\"elementor-spacer\">\n\t\t\t<div class=\"elementor-spacer-inner\"><\/div>\n\t\t<\/div>\n\t\t\t\t\t\t<\/div>\n\t\t\t\t<\/div>\n\t\t\t\t<div class=\"elementor-element elementor-element-db199e9 elementor-widget elementor-widget-heading\" data-id=\"db199e9\" data-element_type=\"widget\" data-e-type=\"widget\" data-widget_type=\"heading.default\">\n\t\t\t\t<div class=\"elementor-widget-container\">\n\t\t\t\t\t<h5 class=\"elementor-heading-title elementor-size-default\">Crianza<\/h5>\t\t\t\t<\/div>\n\t\t\t\t<\/div>\n\t\t\t\t<div class=\"elementor-element elementor-element-79b1f8c elementor-widget elementor-widget-text-editor\" data-id=\"79b1f8c\" data-element_type=\"widget\" data-e-type=\"widget\" data-widget_type=\"text-editor.default\">\n\t\t\t\t<div class=\"elementor-widget-container\">\n\t\t\t\t\t\t\t\t\t<p class=\"p1\">4 meses<\/p>\t\t\t\t\t\t\t\t<\/div>\n\t\t\t\t<\/div>\n\t\t\t\t<div class=\"elementor-element elementor-element-7b68c56 elementor-widget elementor-widget-spacer\" data-id=\"7b68c56\" data-element_type=\"widget\" data-e-type=\"widget\" data-widget_type=\"spacer.default\">\n\t\t\t\t<div class=\"elementor-widget-container\">\n\t\t\t\t\t\t\t<div class=\"elementor-spacer\">\n\t\t\t<div class=\"elementor-spacer-inner\"><\/div>\n\t\t<\/div>\n\t\t\t\t\t\t<\/div>\n\t\t\t\t<\/div>\n\t\t\t\t<div class=\"elementor-element elementor-element-01f6761 elementor-widget elementor-widget-heading\" data-id=\"01f6761\" data-element_type=\"widget\" data-e-type=\"widget\" data-widget_type=\"heading.default\">\n\t\t\t\t<div class=\"elementor-widget-container\">\n\t\t\t\t\t<h5 class=\"elementor-heading-title elementor-size-default\">Notas de cata<\/h5>\t\t\t\t<\/div>\n\t\t\t\t<\/div>\n\t\t\t\t<div class=\"elementor-element elementor-element-8bccd1a elementor-widget elementor-widget-text-editor\" data-id=\"8bccd1a\" data-element_type=\"widget\" data-e-type=\"widget\" data-widget_type=\"text-editor.default\">\n\t\t\t\t<div class=\"elementor-widget-container\">\n\t\t\t\t\t\t\t\t\t<p class=\"p1\">La menc\u00eda en estado puro. Delicado, fresco y afrutado. Delicadas notas de violetas y frutas rojas, est\u00e1n presentes en este menc\u00eda rico y untuoso, fresco y aterciopelado en boca. Un vino juvenil, que muestra la variedad y el terru\u00f1o en su m\u00e1xima esencia.<\/p>\t\t\t\t\t\t\t\t<\/div>\n\t\t\t\t<\/div>\n\t\t\t\t<div class=\"elementor-element elementor-element-5de3bf6 elementor-widget elementor-widget-spacer\" data-id=\"5de3bf6\" data-element_type=\"widget\" data-e-type=\"widget\" data-widget_type=\"spacer.default\">\n\t\t\t\t<div class=\"elementor-widget-container\">\n\t\t\t\t\t\t\t<div class=\"elementor-spacer\">\n\t\t\t<div class=\"elementor-spacer-inner\"><\/div>\n\t\t<\/div>\n\t\t\t\t\t\t<\/div>\n\t\t\t\t<\/div>\n\t\t\t\t<div class=\"elementor-element elementor-element-ae795e5 elementor-widget elementor-widget-text-editor\" data-id=\"ae795e5\" data-element_type=\"widget\" data-e-type=\"widget\" data-widget_type=\"text-editor.default\">\n\t\t\t\t<div class=\"elementor-widget-container\">\n\t\t\t\t\t\t\t\t\t<p class=\"p2\"><i>El P\u00e1jaro Rojo, el tinto optimista de Losada Vinos de Finca. El vino m\u00e1s alegre, juvenil y divertido de Losada Vinos de Finca, que rinde homenaje al paisaje del Bierzo con su interpretaci\u00f3n fresca y f\u00e1cil de beber de la uva menc\u00eda.<\/i><\/p>\t\t\t\t\t\t\t\t<\/div>\n\t\t\t\t<\/div>\n\t\t\t\t\t<\/div>\n\t\t<\/div>\n\t\t\t\t\t<\/div>\n\t\t<\/section>\n\t\t\t\t<\/div>\n\t\t","protected":false},"excerpt":{"rendered":"<p>La menc\u00eda en estado puro. Delicado, fresco y afrutado.<\/p>\n","protected":false},"featured_media":4083,"comment_status":"open","ping_status":"closed","template":"","meta":[],"product_brand":[],"product_cat":[15],"product_tag":[],"class_list":{"0":"post-4097","1":"product","2":"type-product","3":"status-publish","4":"has-post-thumbnail","6":"product_cat-vinos","8":"first","9":"instock","10":"taxable","11":"shipping-taxable","12":"purchasable","13":"product-type-simple"},"yoast_head":"<!-- This site is optimized with the Yoast SEO plugin v27.3 - https:\/\/yoast.com\/product\/yoast-seo-wordpress\/ -->\n<title>El P\u00e1jaro Rojo - Losada Vinos de finca<\/title>\n<meta name=\"description\" content=\"Elaborado a partir de la variedad Menc\u00eda, seleccionada de las zonas m\u00e1s frescas. Juvenil, afrutado, reflejo de la variedad y el terru\u00f1o en su m\u00e1xima esencia\" \/>\n<meta name=\"robots\" content=\"index, follow, max-snippet:-1, max-image-preview:large, max-video-preview:-1\" \/>\n<link rel=\"canonical\" href=\"https:\/\/losadavinosdefinca.es\/product\/el-pajaro-rojo\/\" \/>\n<meta property=\"og:locale\" content=\"en_US\" \/>\n<meta property=\"og:type\" content=\"article\" \/>\n<meta property=\"og:title\" content=\"El P\u00e1jaro Rojo - Losada Vinos de finca\" \/>\n<meta property=\"og:description\" content=\"Elaborado a partir de la variedad Menc\u00eda, seleccionada de las zonas m\u00e1s frescas. Juvenil, afrutado, reflejo de la variedad y el terru\u00f1o en su m\u00e1xima esencia\" \/>\n<meta property=\"og:url\" content=\"https:\/\/losadavinosdefinca.es\/product\/el-pajaro-rojo\/\" \/>\n<meta property=\"og:site_name\" content=\"Losada Vinos de finca\" \/>\n<meta property=\"article:modified_time\" content=\"2026-01-19T23:00:15+00:00\" \/>\n<meta property=\"og:image\" content=\"https:\/\/losadavinosdefinca.es\/wp-content\/uploads\/2023\/02\/El-Pajaro-Rojo.png\" \/>\n\t<meta property=\"og:image:width\" content=\"1501\" \/>\n\t<meta property=\"og:image:height\" content=\"1500\" \/>\n\t<meta property=\"og:image:type\" content=\"image\/png\" \/>\n<meta name=\"twitter:card\" content=\"summary_large_image\" \/>\n<meta name=\"twitter:label1\" content=\"Est. reading time\" \/>\n\t<meta name=\"twitter:data1\" content=\"1 minute\" \/>\n<script type=\"application\/ld+json\" class=\"yoast-schema-graph\">{\"@context\":\"https:\\\/\\\/schema.org\",\"@graph\":[{\"@type\":\"WebPage\",\"@id\":\"https:\\\/\\\/losadavinosdefinca.es\\\/product\\\/el-pajaro-rojo\\\/\",\"url\":\"https:\\\/\\\/losadavinosdefinca.es\\\/product\\\/el-pajaro-rojo\\\/\",\"name\":\"El P\u00e1jaro Rojo - Losada Vinos de finca\",\"isPartOf\":{\"@id\":\"https:\\\/\\\/losadavinosdefinca.es\\\/#website\"},\"primaryImageOfPage\":{\"@id\":\"https:\\\/\\\/losadavinosdefinca.es\\\/product\\\/el-pajaro-rojo\\\/#primaryimage\"},\"image\":{\"@id\":\"https:\\\/\\\/losadavinosdefinca.es\\\/product\\\/el-pajaro-rojo\\\/#primaryimage\"},\"thumbnailUrl\":\"https:\\\/\\\/losadavinosdefinca.es\\\/wp-content\\\/uploads\\\/2023\\\/02\\\/El-Pajaro-Rojo.png\",\"datePublished\":\"2023-04-01T13:09:09+00:00\",\"dateModified\":\"2026-01-19T23:00:15+00:00\",\"description\":\"Elaborado a partir de la variedad Menc\u00eda, seleccionada de las zonas m\u00e1s frescas. Juvenil, afrutado, reflejo de la variedad y el terru\u00f1o en su m\u00e1xima esencia\",\"breadcrumb\":{\"@id\":\"https:\\\/\\\/losadavinosdefinca.es\\\/product\\\/el-pajaro-rojo\\\/#breadcrumb\"},\"inLanguage\":\"en-US\",\"potentialAction\":[{\"@type\":\"ReadAction\",\"target\":[\"https:\\\/\\\/losadavinosdefinca.es\\\/product\\\/el-pajaro-rojo\\\/\"]}]},{\"@type\":\"ImageObject\",\"inLanguage\":\"en-US\",\"@id\":\"https:\\\/\\\/losadavinosdefinca.es\\\/product\\\/el-pajaro-rojo\\\/#primaryimage\",\"url\":\"https:\\\/\\\/losadavinosdefinca.es\\\/wp-content\\\/uploads\\\/2023\\\/02\\\/El-Pajaro-Rojo.png\",\"contentUrl\":\"https:\\\/\\\/losadavinosdefinca.es\\\/wp-content\\\/uploads\\\/2023\\\/02\\\/El-Pajaro-Rojo.png\",\"width\":1501,\"height\":1500,\"caption\":\"El P\u00e1jaro Rojo\"},{\"@type\":\"BreadcrumbList\",\"@id\":\"https:\\\/\\\/losadavinosdefinca.es\\\/product\\\/el-pajaro-rojo\\\/#breadcrumb\",\"itemListElement\":[{\"@type\":\"ListItem\",\"position\":1,\"name\":\"Portada\",\"item\":\"https:\\\/\\\/losadavinosdefinca.es\\\/\"},{\"@type\":\"ListItem\",\"position\":2,\"name\":\"TIENDA\",\"item\":\"https:\\\/\\\/losadavinosdefinca.es\\\/tienda\\\/\"},{\"@type\":\"ListItem\",\"position\":3,\"name\":\"El P\u00e1jaro Rojo\"}]},{\"@type\":\"WebSite\",\"@id\":\"https:\\\/\\\/losadavinosdefinca.es\\\/#website\",\"url\":\"https:\\\/\\\/losadavinosdefinca.es\\\/\",\"name\":\"Losada Vinos de finca\",\"description\":\"Losada\",\"publisher\":{\"@id\":\"https:\\\/\\\/losadavinosdefinca.es\\\/#organization\"},\"potentialAction\":[{\"@type\":\"SearchAction\",\"target\":{\"@type\":\"EntryPoint\",\"urlTemplate\":\"https:\\\/\\\/losadavinosdefinca.es\\\/?s={search_term_string}\"},\"query-input\":{\"@type\":\"PropertyValueSpecification\",\"valueRequired\":true,\"valueName\":\"search_term_string\"}}],\"inLanguage\":\"en-US\"},{\"@type\":\"Organization\",\"@id\":\"https:\\\/\\\/losadavinosdefinca.es\\\/#organization\",\"name\":\"Losada Vinos de finca\",\"url\":\"https:\\\/\\\/losadavinosdefinca.es\\\/\",\"logo\":{\"@type\":\"ImageObject\",\"inLanguage\":\"en-US\",\"@id\":\"https:\\\/\\\/losadavinosdefinca.es\\\/#\\\/schema\\\/logo\\\/image\\\/\",\"url\":\"https:\\\/\\\/losadavinosdefinca.es\\\/wp-content\\\/uploads\\\/2023\\\/02\\\/logo-losada-apaisado.png\",\"contentUrl\":\"https:\\\/\\\/losadavinosdefinca.es\\\/wp-content\\\/uploads\\\/2023\\\/02\\\/logo-losada-apaisado.png\",\"width\":1129,\"height\":287,\"caption\":\"Losada Vinos de finca\"},\"image\":{\"@id\":\"https:\\\/\\\/losadavinosdefinca.es\\\/#\\\/schema\\\/logo\\\/image\\\/\"}}]}<\/script>\n<!-- \/ Yoast SEO plugin. -->","yoast_head_json":{"title":"El P\u00e1jaro Rojo - Losada Vinos de finca","description":"Elaborado a partir de la variedad Menc\u00eda, seleccionada de las zonas m\u00e1s frescas. Juvenil, afrutado, reflejo de la variedad y el terru\u00f1o en su m\u00e1xima esencia","robots":{"index":"index","follow":"follow","max-snippet":"max-snippet:-1","max-image-preview":"max-image-preview:large","max-video-preview":"max-video-preview:-1"},"canonical":"https:\/\/losadavinosdefinca.es\/product\/el-pajaro-rojo\/","og_locale":"en_US","og_type":"article","og_title":"El P\u00e1jaro Rojo - Losada Vinos de finca","og_description":"Elaborado a partir de la variedad Menc\u00eda, seleccionada de las zonas m\u00e1s frescas. Juvenil, afrutado, reflejo de la variedad y el terru\u00f1o en su m\u00e1xima esencia","og_url":"https:\/\/losadavinosdefinca.es\/product\/el-pajaro-rojo\/","og_site_name":"Losada Vinos de finca","article_modified_time":"2026-01-19T23:00:15+00:00","og_image":[{"width":1501,"height":1500,"url":"https:\/\/losadavinosdefinca.es\/wp-content\/uploads\/2023\/02\/El-Pajaro-Rojo.png","type":"image\/png"}],"twitter_card":"summary_large_image","twitter_misc":{"Est. reading time":"1 minute"},"schema":{"@context":"https:\/\/schema.org","@graph":[{"@type":"WebPage","@id":"https:\/\/losadavinosdefinca.es\/product\/el-pajaro-rojo\/","url":"https:\/\/losadavinosdefinca.es\/product\/el-pajaro-rojo\/","name":"El P\u00e1jaro Rojo - Losada Vinos de finca","isPartOf":{"@id":"https:\/\/losadavinosdefinca.es\/#website"},"primaryImageOfPage":{"@id":"https:\/\/losadavinosdefinca.es\/product\/el-pajaro-rojo\/#primaryimage"},"image":{"@id":"https:\/\/losadavinosdefinca.es\/product\/el-pajaro-rojo\/#primaryimage"},"thumbnailUrl":"https:\/\/losadavinosdefinca.es\/wp-content\/uploads\/2023\/02\/El-Pajaro-Rojo.png","datePublished":"2023-04-01T13:09:09+00:00","dateModified":"2026-01-19T23:00:15+00:00","description":"Elaborado a partir de la variedad Menc\u00eda, seleccionada de las zonas m\u00e1s frescas. Juvenil, afrutado, reflejo de la variedad y el terru\u00f1o en su m\u00e1xima esencia","breadcrumb":{"@id":"https:\/\/losadavinosdefinca.es\/product\/el-pajaro-rojo\/#breadcrumb"},"inLanguage":"en-US","potentialAction":[{"@type":"ReadAction","target":["https:\/\/losadavinosdefinca.es\/product\/el-pajaro-rojo\/"]}]},{"@type":"ImageObject","inLanguage":"en-US","@id":"https:\/\/losadavinosdefinca.es\/product\/el-pajaro-rojo\/#primaryimage","url":"https:\/\/losadavinosdefinca.es\/wp-content\/uploads\/2023\/02\/El-Pajaro-Rojo.png","contentUrl":"https:\/\/losadavinosdefinca.es\/wp-content\/uploads\/2023\/02\/El-Pajaro-Rojo.png","width":1501,"height":1500,"caption":"El P\u00e1jaro Rojo"},{"@type":"BreadcrumbList","@id":"https:\/\/losadavinosdefinca.es\/product\/el-pajaro-rojo\/#breadcrumb","itemListElement":[{"@type":"ListItem","position":1,"name":"Portada","item":"https:\/\/losadavinosdefinca.es\/"},{"@type":"ListItem","position":2,"name":"TIENDA","item":"https:\/\/losadavinosdefinca.es\/tienda\/"},{"@type":"ListItem","position":3,"name":"El P\u00e1jaro Rojo"}]},{"@type":"WebSite","@id":"https:\/\/losadavinosdefinca.es\/#website","url":"https:\/\/losadavinosdefinca.es\/","name":"Losada Vinos de finca","description":"Losada","publisher":{"@id":"https:\/\/losadavinosdefinca.es\/#organization"},"potentialAction":[{"@type":"SearchAction","target":{"@type":"EntryPoint","urlTemplate":"https:\/\/losadavinosdefinca.es\/?s={search_term_string}"},"query-input":{"@type":"PropertyValueSpecification","valueRequired":true,"valueName":"search_term_string"}}],"inLanguage":"en-US"},{"@type":"Organization","@id":"https:\/\/losadavinosdefinca.es\/#organization","name":"Losada Vinos de finca","url":"https:\/\/losadavinosdefinca.es\/","logo":{"@type":"ImageObject","inLanguage":"en-US","@id":"https:\/\/losadavinosdefinca.es\/#\/schema\/logo\/image\/","url":"https:\/\/losadavinosdefinca.es\/wp-content\/uploads\/2023\/02\/logo-losada-apaisado.png","contentUrl":"https:\/\/losadavinosdefinca.es\/wp-content\/uploads\/2023\/02\/logo-losada-apaisado.png","width":1129,"height":287,"caption":"Losada Vinos de finca"},"image":{"@id":"https:\/\/losadavinosdefinca.es\/#\/schema\/logo\/image\/"}}]}},"_links":{"self":[{"href":"https:\/\/losadavinosdefinca.es\/en\/wp-json\/wp\/v2\/product\/4097","targetHints":{"allow":["GET"]}}],"collection":[{"href":"https:\/\/losadavinosdefinca.es\/en\/wp-json\/wp\/v2\/product"}],"about":[{"href":"https:\/\/losadavinosdefinca.es\/en\/wp-json\/wp\/v2\/types\/product"}],"replies":[{"embeddable":true,"href":"https:\/\/losadavinosdefinca.es\/en\/wp-json\/wp\/v2\/comments?post=4097"}],"version-history":[{"count":27,"href":"https:\/\/losadavinosdefinca.es\/en\/wp-json\/wp\/v2\/product\/4097\/revisions"}],"predecessor-version":[{"id":11127,"href":"https:\/\/losadavinosdefinca.es\/en\/wp-json\/wp\/v2\/product\/4097\/revisions\/11127"}],"wp:featuredmedia":[{"embeddable":true,"href":"https:\/\/losadavinosdefinca.es\/en\/wp-json\/wp\/v2\/media\/4083"}],"wp:attachment":[{"href":"https:\/\/losadavinosdefinca.es\/en\/wp-json\/wp\/v2\/media?parent=4097"}],"wp:term":[{"taxonomy":"product_brand","embeddable":true,"href":"https:\/\/losadavinosdefinca.es\/en\/wp-json\/wp\/v2\/product_brand?post=4097"},{"taxonomy":"product_cat","embeddable":true,"href":"https:\/\/losadavinosdefinca.es\/en\/wp-json\/wp\/v2\/product_cat?post=4097"},{"taxonomy":"product_tag","embeddable":true,"href":"https:\/\/losadavinosdefinca.es\/en\/wp-json\/wp\/v2\/product_tag?post=4097"}],"curies":[{"name":"wp","href":"https:\/\/api.w.org\/{rel}","templated":true}]}}