{"id":4099,"date":"2023-04-09T14:10:13","date_gmt":"2023-04-09T13:10:13","guid":{"rendered":"https:\/\/losadavinosdefinca.es\/?post_type=product&#038;p=4099"},"modified":"2026-04-06T01:01:29","modified_gmt":"2026-04-05T23:01:29","slug":"villa-de-san-lorenzo","status":"publish","type":"product","link":"https:\/\/losadavinosdefinca.es\/en\/product\/villa-de-san-lorenzo\/","title":{"rendered":"Villa de San Lorenzo"},"content":{"rendered":"\t\t<div data-elementor-type=\"product-post\" data-elementor-id=\"4099\" class=\"elementor elementor-4099\">\n\t\t\t\t\t\t<section class=\"elementor-section elementor-top-section elementor-element elementor-element-e3bcc11 elementor-section-boxed elementor-section-height-default elementor-section-height-default\" data-id=\"e3bcc11\" data-element_type=\"section\" data-e-type=\"section\">\n\t\t\t\t\t\t<div class=\"elementor-container elementor-column-gap-wide\">\n\t\t\t\t\t<div class=\"elementor-column elementor-col-100 elementor-top-column elementor-element elementor-element-fcb3db1\" data-id=\"fcb3db1\" data-element_type=\"column\" data-e-type=\"column\">\n\t\t\t<div class=\"elementor-widget-wrap elementor-element-populated\">\n\t\t\t\t\t\t<div class=\"elementor-element elementor-element-74b9b29 elementor-widget elementor-widget-text-editor\" data-id=\"74b9b29\" data-element_type=\"widget\" data-e-type=\"widget\" data-widget_type=\"text-editor.default\">\n\t\t\t\t<div class=\"elementor-widget-container\">\n\t\t\t\t\t\t\t\t\t<p class=\"p1\">Edici\u00f3n limitada de godello de gran pureza godello procedente de vi\u00f1edos localizados en San Lorenzo, la zona re\u00fane todas las caracter\u00edsticas para elaborar un gran godello: altitud, zona fresca que permite la maduraci\u00f3n lenta, y suelo de pizarra.<\/p>\t\t\t\t\t\t\t\t<\/div>\n\t\t\t\t<\/div>\n\t\t\t\t<div class=\"elementor-element elementor-element-6ee527e elementor-widget elementor-widget-spacer\" data-id=\"6ee527e\" data-element_type=\"widget\" data-e-type=\"widget\" data-widget_type=\"spacer.default\">\n\t\t\t\t<div class=\"elementor-widget-container\">\n\t\t\t\t\t\t\t<div class=\"elementor-spacer\">\n\t\t\t<div class=\"elementor-spacer-inner\"><\/div>\n\t\t<\/div>\n\t\t\t\t\t\t<\/div>\n\t\t\t\t<\/div>\n\t\t\t\t<div class=\"elementor-element elementor-element-648622e elementor-widget elementor-widget-heading\" data-id=\"648622e\" data-element_type=\"widget\" data-e-type=\"widget\" data-widget_type=\"heading.default\">\n\t\t\t\t<div class=\"elementor-widget-container\">\n\t\t\t\t\t<h5 class=\"elementor-heading-title elementor-size-default\">Fincas<\/h5>\t\t\t\t<\/div>\n\t\t\t\t<\/div>\n\t\t\t\t<div class=\"elementor-element elementor-element-edf9745 elementor-widget elementor-widget-text-editor\" data-id=\"edf9745\" data-element_type=\"widget\" data-e-type=\"widget\" data-widget_type=\"text-editor.default\">\n\t\t\t\t<div class=\"elementor-widget-container\">\n\t\t\t\t\t\t\t\t\t<p>San Lorenzo y San Esteban de Valdueza.<\/p>\t\t\t\t\t\t\t\t<\/div>\n\t\t\t\t<\/div>\n\t\t\t\t<div class=\"elementor-element elementor-element-841f2cb elementor-widget elementor-widget-spacer\" data-id=\"841f2cb\" data-element_type=\"widget\" data-e-type=\"widget\" data-widget_type=\"spacer.default\">\n\t\t\t\t<div class=\"elementor-widget-container\">\n\t\t\t\t\t\t\t<div class=\"elementor-spacer\">\n\t\t\t<div class=\"elementor-spacer-inner\"><\/div>\n\t\t<\/div>\n\t\t\t\t\t\t<\/div>\n\t\t\t\t<\/div>\n\t\t\t\t<div class=\"elementor-element elementor-element-c907803 elementor-widget elementor-widget-heading\" data-id=\"c907803\" data-element_type=\"widget\" data-e-type=\"widget\" data-widget_type=\"heading.default\">\n\t\t\t\t<div class=\"elementor-widget-container\">\n\t\t\t\t\t<h5 class=\"elementor-heading-title elementor-size-default\">Suelos<\/h5>\t\t\t\t<\/div>\n\t\t\t\t<\/div>\n\t\t\t\t<div class=\"elementor-element elementor-element-6bf35d4 elementor-widget elementor-widget-text-editor\" data-id=\"6bf35d4\" data-element_type=\"widget\" data-e-type=\"widget\" data-widget_type=\"text-editor.default\">\n\t\t\t\t<div class=\"elementor-widget-container\">\n\t\t\t\t\t\t\t\t\t<p class=\"p1\">3,5 ha de vi\u00f1edo viejo.<\/p>\t\t\t\t\t\t\t\t<\/div>\n\t\t\t\t<\/div>\n\t\t\t\t<div class=\"elementor-element elementor-element-81c527a elementor-widget elementor-widget-spacer\" data-id=\"81c527a\" data-element_type=\"widget\" data-e-type=\"widget\" data-widget_type=\"spacer.default\">\n\t\t\t\t<div class=\"elementor-widget-container\">\n\t\t\t\t\t\t\t<div class=\"elementor-spacer\">\n\t\t\t<div class=\"elementor-spacer-inner\"><\/div>\n\t\t<\/div>\n\t\t\t\t\t\t<\/div>\n\t\t\t\t<\/div>\n\t\t\t\t<div class=\"elementor-element elementor-element-2d0c7bc elementor-widget elementor-widget-heading\" data-id=\"2d0c7bc\" data-element_type=\"widget\" data-e-type=\"widget\" data-widget_type=\"heading.default\">\n\t\t\t\t<div class=\"elementor-widget-container\">\n\t\t\t\t\t<h5 class=\"elementor-heading-title elementor-size-default\">Variedad<\/h5>\t\t\t\t<\/div>\n\t\t\t\t<\/div>\n\t\t\t\t<div class=\"elementor-element elementor-element-ab20276 elementor-widget elementor-widget-text-editor\" data-id=\"ab20276\" data-element_type=\"widget\" data-e-type=\"widget\" data-widget_type=\"text-editor.default\">\n\t\t\t\t<div class=\"elementor-widget-container\">\n\t\t\t\t\t\t\t\t\t<p>Godello<\/p>\t\t\t\t\t\t\t\t<\/div>\n\t\t\t\t<\/div>\n\t\t\t\t<div class=\"elementor-element elementor-element-83ae0aa elementor-widget elementor-widget-spacer\" data-id=\"83ae0aa\" data-element_type=\"widget\" data-e-type=\"widget\" data-widget_type=\"spacer.default\">\n\t\t\t\t<div class=\"elementor-widget-container\">\n\t\t\t\t\t\t\t<div class=\"elementor-spacer\">\n\t\t\t<div class=\"elementor-spacer-inner\"><\/div>\n\t\t<\/div>\n\t\t\t\t\t\t<\/div>\n\t\t\t\t<\/div>\n\t\t\t\t<div class=\"elementor-element elementor-element-db199e9 elementor-widget elementor-widget-heading\" data-id=\"db199e9\" data-element_type=\"widget\" data-e-type=\"widget\" data-widget_type=\"heading.default\">\n\t\t\t\t<div class=\"elementor-widget-container\">\n\t\t\t\t\t<h5 class=\"elementor-heading-title elementor-size-default\">Crianza<\/h5>\t\t\t\t<\/div>\n\t\t\t\t<\/div>\n\t\t\t\t<div class=\"elementor-element elementor-element-79b1f8c elementor-widget elementor-widget-text-editor\" data-id=\"79b1f8c\" data-element_type=\"widget\" data-e-type=\"widget\" data-widget_type=\"text-editor.default\">\n\t\t\t\t<div class=\"elementor-widget-container\">\n\t\t\t\t\t\t\t\t\t<p>Ocho meses sobre l\u00edas en foudre de roble franc\u00e9s de 2000lts.\u00a0<\/p>\t\t\t\t\t\t\t\t<\/div>\n\t\t\t\t<\/div>\n\t\t\t\t<div class=\"elementor-element elementor-element-7b68c56 elementor-widget elementor-widget-spacer\" data-id=\"7b68c56\" data-element_type=\"widget\" data-e-type=\"widget\" data-widget_type=\"spacer.default\">\n\t\t\t\t<div class=\"elementor-widget-container\">\n\t\t\t\t\t\t\t<div class=\"elementor-spacer\">\n\t\t\t<div class=\"elementor-spacer-inner\"><\/div>\n\t\t<\/div>\n\t\t\t\t\t\t<\/div>\n\t\t\t\t<\/div>\n\t\t\t\t<div class=\"elementor-element elementor-element-01f6761 elementor-widget elementor-widget-heading\" data-id=\"01f6761\" data-element_type=\"widget\" data-e-type=\"widget\" data-widget_type=\"heading.default\">\n\t\t\t\t<div class=\"elementor-widget-container\">\n\t\t\t\t\t<h5 class=\"elementor-heading-title elementor-size-default\">Notas de cata<\/h5>\t\t\t\t<\/div>\n\t\t\t\t<\/div>\n\t\t\t\t<div class=\"elementor-element elementor-element-8bccd1a elementor-widget elementor-widget-text-editor\" data-id=\"8bccd1a\" data-element_type=\"widget\" data-e-type=\"widget\" data-widget_type=\"text-editor.default\">\n\t\t\t\t<div class=\"elementor-widget-container\">\n\t\t\t\t\t\t\t\t\t<p style=\"text-align: left;\">Color amarillo p\u00e1lido, muy claro, brillante y limpio. En nariz se muestra muy varietal, con matices florales, fruta blanca y un toque mineral.\u00a0En boca es voluminoso y delicado, con una acidez c\u00edtrica de intensidad media que le aporta frescor. Notas de fruta blanca principalmente que ya se apreciaban en nariz. Final goloso con toques minerales caracter\u00edsticos de la parcela de donde es originario.<\/p>\t\t\t\t\t\t\t\t<\/div>\n\t\t\t\t<\/div>\n\t\t\t\t<div class=\"elementor-element elementor-element-5de3bf6 elementor-widget elementor-widget-spacer\" data-id=\"5de3bf6\" data-element_type=\"widget\" data-e-type=\"widget\" data-widget_type=\"spacer.default\">\n\t\t\t\t<div class=\"elementor-widget-container\">\n\t\t\t\t\t\t\t<div class=\"elementor-spacer\">\n\t\t\t<div class=\"elementor-spacer-inner\"><\/div>\n\t\t<\/div>\n\t\t\t\t\t\t<\/div>\n\t\t\t\t<\/div>\n\t\t\t\t\t<\/div>\n\t\t<\/div>\n\t\t\t\t\t<\/div>\n\t\t<\/section>\n\t\t\t\t<\/div>\n\t\t","protected":false},"excerpt":{"rendered":"<p>Godello procedente de vi\u00f1edos localizados en San Lorenzo, la zona re\u00fane todas las\u00a0caracter\u00edsticas para elaborar un gran godello: altitud, zona fresca que permite la maduraci\u00f3n lenta, y suelo de pizarra.<\/p>\n","protected":false},"featured_media":4086,"comment_status":"open","ping_status":"closed","template":"","meta":[],"product_brand":[],"product_cat":[15],"product_tag":[],"class_list":{"0":"post-4099","1":"product","2":"type-product","3":"status-publish","4":"has-post-thumbnail","6":"product_cat-vinos","8":"first","9":"instock","10":"taxable","11":"shipping-taxable","12":"purchasable","13":"product-type-simple"},"yoast_head":"<!-- This site is optimized with the Yoast SEO plugin v27.3 - https:\/\/yoast.com\/product\/yoast-seo-wordpress\/ -->\n<title>Villa de San Lorenzo - Losada Vinos de finca<\/title>\n<meta name=\"description\" content=\"Godello procedente de vi\u00f1edos localizados en San Lorenzo, que re\u00fane las\u00a0caracter\u00edsticas para elaborar un gran vino: altitud, frescura, y suelo de pizarra.\" \/>\n<meta name=\"robots\" content=\"index, follow, max-snippet:-1, max-image-preview:large, max-video-preview:-1\" \/>\n<link rel=\"canonical\" href=\"https:\/\/losadavinosdefinca.es\/product\/villa-de-san-lorenzo\/\" \/>\n<meta property=\"og:locale\" content=\"en_US\" \/>\n<meta property=\"og:type\" content=\"article\" \/>\n<meta property=\"og:title\" content=\"Villa de San Lorenzo - Losada Vinos de finca\" \/>\n<meta property=\"og:description\" content=\"Godello procedente de vi\u00f1edos localizados en San Lorenzo, que re\u00fane las\u00a0caracter\u00edsticas para elaborar un gran vino: altitud, frescura, y suelo de pizarra.\" \/>\n<meta property=\"og:url\" content=\"https:\/\/losadavinosdefinca.es\/product\/villa-de-san-lorenzo\/\" \/>\n<meta property=\"og:site_name\" content=\"Losada Vinos de finca\" \/>\n<meta property=\"article:modified_time\" content=\"2026-04-05T23:01:29+00:00\" \/>\n<meta property=\"og:image\" content=\"https:\/\/losadavinosdefinca.es\/wp-content\/uploads\/2023\/02\/Altos-de-losada-Godello-Villa-de-San-Lorenzo.png\" \/>\n\t<meta property=\"og:image:width\" content=\"1501\" \/>\n\t<meta property=\"og:image:height\" content=\"1500\" \/>\n\t<meta property=\"og:image:type\" content=\"image\/png\" \/>\n<meta name=\"twitter:card\" content=\"summary_large_image\" \/>\n<meta name=\"twitter:label1\" content=\"Est. reading time\" \/>\n\t<meta name=\"twitter:data1\" content=\"1 minute\" \/>\n<script type=\"application\/ld+json\" class=\"yoast-schema-graph\">{\"@context\":\"https:\\\/\\\/schema.org\",\"@graph\":[{\"@type\":\"WebPage\",\"@id\":\"https:\\\/\\\/losadavinosdefinca.es\\\/product\\\/villa-de-san-lorenzo\\\/\",\"url\":\"https:\\\/\\\/losadavinosdefinca.es\\\/product\\\/villa-de-san-lorenzo\\\/\",\"name\":\"Villa de San Lorenzo - Losada Vinos de finca\",\"isPartOf\":{\"@id\":\"https:\\\/\\\/losadavinosdefinca.es\\\/#website\"},\"primaryImageOfPage\":{\"@id\":\"https:\\\/\\\/losadavinosdefinca.es\\\/product\\\/villa-de-san-lorenzo\\\/#primaryimage\"},\"image\":{\"@id\":\"https:\\\/\\\/losadavinosdefinca.es\\\/product\\\/villa-de-san-lorenzo\\\/#primaryimage\"},\"thumbnailUrl\":\"https:\\\/\\\/losadavinosdefinca.es\\\/wp-content\\\/uploads\\\/2023\\\/02\\\/Altos-de-losada-Godello-Villa-de-San-Lorenzo.png\",\"datePublished\":\"2023-04-09T13:10:13+00:00\",\"dateModified\":\"2026-04-05T23:01:29+00:00\",\"description\":\"Godello procedente de vi\u00f1edos localizados en San Lorenzo, que re\u00fane las\u00a0caracter\u00edsticas para elaborar un gran vino: altitud, frescura, y suelo de pizarra.\",\"breadcrumb\":{\"@id\":\"https:\\\/\\\/losadavinosdefinca.es\\\/product\\\/villa-de-san-lorenzo\\\/#breadcrumb\"},\"inLanguage\":\"en-US\",\"potentialAction\":[{\"@type\":\"ReadAction\",\"target\":[\"https:\\\/\\\/losadavinosdefinca.es\\\/product\\\/villa-de-san-lorenzo\\\/\"]}]},{\"@type\":\"ImageObject\",\"inLanguage\":\"en-US\",\"@id\":\"https:\\\/\\\/losadavinosdefinca.es\\\/product\\\/villa-de-san-lorenzo\\\/#primaryimage\",\"url\":\"https:\\\/\\\/losadavinosdefinca.es\\\/wp-content\\\/uploads\\\/2023\\\/02\\\/Altos-de-losada-Godello-Villa-de-San-Lorenzo.png\",\"contentUrl\":\"https:\\\/\\\/losadavinosdefinca.es\\\/wp-content\\\/uploads\\\/2023\\\/02\\\/Altos-de-losada-Godello-Villa-de-San-Lorenzo.png\",\"width\":1501,\"height\":1500,\"caption\":\"Altos de losada Godello, Villa de San Lorenzo\"},{\"@type\":\"BreadcrumbList\",\"@id\":\"https:\\\/\\\/losadavinosdefinca.es\\\/product\\\/villa-de-san-lorenzo\\\/#breadcrumb\",\"itemListElement\":[{\"@type\":\"ListItem\",\"position\":1,\"name\":\"Portada\",\"item\":\"https:\\\/\\\/losadavinosdefinca.es\\\/\"},{\"@type\":\"ListItem\",\"position\":2,\"name\":\"TIENDA\",\"item\":\"https:\\\/\\\/losadavinosdefinca.es\\\/tienda\\\/\"},{\"@type\":\"ListItem\",\"position\":3,\"name\":\"Villa de San Lorenzo\"}]},{\"@type\":\"WebSite\",\"@id\":\"https:\\\/\\\/losadavinosdefinca.es\\\/#website\",\"url\":\"https:\\\/\\\/losadavinosdefinca.es\\\/\",\"name\":\"Losada Vinos de finca\",\"description\":\"Losada\",\"publisher\":{\"@id\":\"https:\\\/\\\/losadavinosdefinca.es\\\/#organization\"},\"potentialAction\":[{\"@type\":\"SearchAction\",\"target\":{\"@type\":\"EntryPoint\",\"urlTemplate\":\"https:\\\/\\\/losadavinosdefinca.es\\\/?s={search_term_string}\"},\"query-input\":{\"@type\":\"PropertyValueSpecification\",\"valueRequired\":true,\"valueName\":\"search_term_string\"}}],\"inLanguage\":\"en-US\"},{\"@type\":\"Organization\",\"@id\":\"https:\\\/\\\/losadavinosdefinca.es\\\/#organization\",\"name\":\"Losada Vinos de finca\",\"url\":\"https:\\\/\\\/losadavinosdefinca.es\\\/\",\"logo\":{\"@type\":\"ImageObject\",\"inLanguage\":\"en-US\",\"@id\":\"https:\\\/\\\/losadavinosdefinca.es\\\/#\\\/schema\\\/logo\\\/image\\\/\",\"url\":\"https:\\\/\\\/losadavinosdefinca.es\\\/wp-content\\\/uploads\\\/2023\\\/02\\\/logo-losada-apaisado.png\",\"contentUrl\":\"https:\\\/\\\/losadavinosdefinca.es\\\/wp-content\\\/uploads\\\/2023\\\/02\\\/logo-losada-apaisado.png\",\"width\":1129,\"height\":287,\"caption\":\"Losada Vinos de finca\"},\"image\":{\"@id\":\"https:\\\/\\\/losadavinosdefinca.es\\\/#\\\/schema\\\/logo\\\/image\\\/\"}}]}<\/script>\n<!-- \/ Yoast SEO plugin. -->","yoast_head_json":{"title":"Villa de San Lorenzo - Losada Vinos de finca","description":"Godello procedente de vi\u00f1edos localizados en San Lorenzo, que re\u00fane las\u00a0caracter\u00edsticas para elaborar un gran vino: altitud, frescura, y suelo de pizarra.","robots":{"index":"index","follow":"follow","max-snippet":"max-snippet:-1","max-image-preview":"max-image-preview:large","max-video-preview":"max-video-preview:-1"},"canonical":"https:\/\/losadavinosdefinca.es\/product\/villa-de-san-lorenzo\/","og_locale":"en_US","og_type":"article","og_title":"Villa de San Lorenzo - Losada Vinos de finca","og_description":"Godello procedente de vi\u00f1edos localizados en San Lorenzo, que re\u00fane las\u00a0caracter\u00edsticas para elaborar un gran vino: altitud, frescura, y suelo de pizarra.","og_url":"https:\/\/losadavinosdefinca.es\/product\/villa-de-san-lorenzo\/","og_site_name":"Losada Vinos de finca","article_modified_time":"2026-04-05T23:01:29+00:00","og_image":[{"width":1501,"height":1500,"url":"https:\/\/losadavinosdefinca.es\/wp-content\/uploads\/2023\/02\/Altos-de-losada-Godello-Villa-de-San-Lorenzo.png","type":"image\/png"}],"twitter_card":"summary_large_image","twitter_misc":{"Est. reading time":"1 minute"},"schema":{"@context":"https:\/\/schema.org","@graph":[{"@type":"WebPage","@id":"https:\/\/losadavinosdefinca.es\/product\/villa-de-san-lorenzo\/","url":"https:\/\/losadavinosdefinca.es\/product\/villa-de-san-lorenzo\/","name":"Villa de San Lorenzo - Losada Vinos de finca","isPartOf":{"@id":"https:\/\/losadavinosdefinca.es\/#website"},"primaryImageOfPage":{"@id":"https:\/\/losadavinosdefinca.es\/product\/villa-de-san-lorenzo\/#primaryimage"},"image":{"@id":"https:\/\/losadavinosdefinca.es\/product\/villa-de-san-lorenzo\/#primaryimage"},"thumbnailUrl":"https:\/\/losadavinosdefinca.es\/wp-content\/uploads\/2023\/02\/Altos-de-losada-Godello-Villa-de-San-Lorenzo.png","datePublished":"2023-04-09T13:10:13+00:00","dateModified":"2026-04-05T23:01:29+00:00","description":"Godello procedente de vi\u00f1edos localizados en San Lorenzo, que re\u00fane las\u00a0caracter\u00edsticas para elaborar un gran vino: altitud, frescura, y suelo de pizarra.","breadcrumb":{"@id":"https:\/\/losadavinosdefinca.es\/product\/villa-de-san-lorenzo\/#breadcrumb"},"inLanguage":"en-US","potentialAction":[{"@type":"ReadAction","target":["https:\/\/losadavinosdefinca.es\/product\/villa-de-san-lorenzo\/"]}]},{"@type":"ImageObject","inLanguage":"en-US","@id":"https:\/\/losadavinosdefinca.es\/product\/villa-de-san-lorenzo\/#primaryimage","url":"https:\/\/losadavinosdefinca.es\/wp-content\/uploads\/2023\/02\/Altos-de-losada-Godello-Villa-de-San-Lorenzo.png","contentUrl":"https:\/\/losadavinosdefinca.es\/wp-content\/uploads\/2023\/02\/Altos-de-losada-Godello-Villa-de-San-Lorenzo.png","width":1501,"height":1500,"caption":"Altos de losada Godello, Villa de San Lorenzo"},{"@type":"BreadcrumbList","@id":"https:\/\/losadavinosdefinca.es\/product\/villa-de-san-lorenzo\/#breadcrumb","itemListElement":[{"@type":"ListItem","position":1,"name":"Portada","item":"https:\/\/losadavinosdefinca.es\/"},{"@type":"ListItem","position":2,"name":"TIENDA","item":"https:\/\/losadavinosdefinca.es\/tienda\/"},{"@type":"ListItem","position":3,"name":"Villa de San Lorenzo"}]},{"@type":"WebSite","@id":"https:\/\/losadavinosdefinca.es\/#website","url":"https:\/\/losadavinosdefinca.es\/","name":"Losada Vinos de finca","description":"Losada","publisher":{"@id":"https:\/\/losadavinosdefinca.es\/#organization"},"potentialAction":[{"@type":"SearchAction","target":{"@type":"EntryPoint","urlTemplate":"https:\/\/losadavinosdefinca.es\/?s={search_term_string}"},"query-input":{"@type":"PropertyValueSpecification","valueRequired":true,"valueName":"search_term_string"}}],"inLanguage":"en-US"},{"@type":"Organization","@id":"https:\/\/losadavinosdefinca.es\/#organization","name":"Losada Vinos de finca","url":"https:\/\/losadavinosdefinca.es\/","logo":{"@type":"ImageObject","inLanguage":"en-US","@id":"https:\/\/losadavinosdefinca.es\/#\/schema\/logo\/image\/","url":"https:\/\/losadavinosdefinca.es\/wp-content\/uploads\/2023\/02\/logo-losada-apaisado.png","contentUrl":"https:\/\/losadavinosdefinca.es\/wp-content\/uploads\/2023\/02\/logo-losada-apaisado.png","width":1129,"height":287,"caption":"Losada Vinos de finca"},"image":{"@id":"https:\/\/losadavinosdefinca.es\/#\/schema\/logo\/image\/"}}]}},"_links":{"self":[{"href":"https:\/\/losadavinosdefinca.es\/en\/wp-json\/wp\/v2\/product\/4099","targetHints":{"allow":["GET"]}}],"collection":[{"href":"https:\/\/losadavinosdefinca.es\/en\/wp-json\/wp\/v2\/product"}],"about":[{"href":"https:\/\/losadavinosdefinca.es\/en\/wp-json\/wp\/v2\/types\/product"}],"replies":[{"embeddable":true,"href":"https:\/\/losadavinosdefinca.es\/en\/wp-json\/wp\/v2\/comments?post=4099"}],"version-history":[{"count":15,"href":"https:\/\/losadavinosdefinca.es\/en\/wp-json\/wp\/v2\/product\/4099\/revisions"}],"predecessor-version":[{"id":11123,"href":"https:\/\/losadavinosdefinca.es\/en\/wp-json\/wp\/v2\/product\/4099\/revisions\/11123"}],"wp:featuredmedia":[{"embeddable":true,"href":"https:\/\/losadavinosdefinca.es\/en\/wp-json\/wp\/v2\/media\/4086"}],"wp:attachment":[{"href":"https:\/\/losadavinosdefinca.es\/en\/wp-json\/wp\/v2\/media?parent=4099"}],"wp:term":[{"taxonomy":"product_brand","embeddable":true,"href":"https:\/\/losadavinosdefinca.es\/en\/wp-json\/wp\/v2\/product_brand?post=4099"},{"taxonomy":"product_cat","embeddable":true,"href":"https:\/\/losadavinosdefinca.es\/en\/wp-json\/wp\/v2\/product_cat?post=4099"},{"taxonomy":"product_tag","embeddable":true,"href":"https:\/\/losadavinosdefinca.es\/en\/wp-json\/wp\/v2\/product_tag?post=4099"}],"curies":[{"name":"wp","href":"https:\/\/api.w.org\/{rel}","templated":true}]}}