{"id":4414,"date":"2023-04-18T15:12:36","date_gmt":"2023-04-18T13:12:36","guid":{"rendered":"https:\/\/losadavinosdefinca.es\/?post_type=product&#038;p=4414"},"modified":"2026-01-20T00:00:14","modified_gmt":"2026-01-19T23:00:14","slug":"sacacorchos","status":"publish","type":"product","link":"https:\/\/losadavinosdefinca.es\/en\/product\/sacacorchos\/","title":{"rendered":"Descorchador"},"content":{"rendered":"\t\t<div data-elementor-type=\"product-post\" data-elementor-id=\"4414\" class=\"elementor elementor-4414\">\n\t\t\t\t\t\t<section class=\"elementor-section elementor-top-section elementor-element elementor-element-e3bcc11 elementor-section-boxed elementor-section-height-default elementor-section-height-default\" data-id=\"e3bcc11\" data-element_type=\"section\" data-e-type=\"section\">\n\t\t\t\t\t\t<div class=\"elementor-container elementor-column-gap-wide\">\n\t\t\t\t\t<div class=\"elementor-column elementor-col-100 elementor-top-column elementor-element elementor-element-fcb3db1\" data-id=\"fcb3db1\" data-element_type=\"column\" data-e-type=\"column\">\n\t\t\t<div class=\"elementor-widget-wrap elementor-element-populated\">\n\t\t\t\t\t\t<div class=\"elementor-element elementor-element-74b9b29 elementor-widget elementor-widget-text-editor\" data-id=\"74b9b29\" data-element_type=\"widget\" data-e-type=\"widget\" data-widget_type=\"text-editor.default\">\n\t\t\t\t<div class=\"elementor-widget-container\">\n\t\t\t\t\t\t\t\t\t<p>Descorchador de color rojo personalizado con imagen de Losada.<\/p><p>Si eres un amante del vino y aprecias los detalles, el descorchador con logo de Losada Vinos de Finca es el complemento ideal para tu colecci\u00f3n de accesorios vin\u00edcolas. Tambi\u00e9n es una excelente opci\u00f3n de regalo para aquellos que comparten tu pasi\u00f3n por el vino<\/p><p>\u00a1Compra ahora tu descorchador y disfruta de la elegancia y calidad de Losada Vinos de Finca en cada botella que abras!<\/p>\t\t\t\t\t\t\t\t<\/div>\n\t\t\t\t<\/div>\n\t\t\t\t\t<\/div>\n\t\t<\/div>\n\t\t\t\t\t<\/div>\n\t\t<\/section>\n\t\t\t\t<\/div>\n\t\t","protected":false},"excerpt":{"rendered":"<p>Si eres un amante del vino y aprecias los detalles, el descorchador con logo de Losada Vinos de Finca es el complemento ideal para tu colecci\u00f3n de accesorios vin\u00edcolas. Tambi\u00e9n es una excelente opci\u00f3n de regalo para aquellos que comparten tu pasi\u00f3n por el vino<\/p>\n","protected":false},"featured_media":4979,"comment_status":"open","ping_status":"closed","template":"","meta":[],"product_brand":[],"product_cat":[30],"product_tag":[],"class_list":{"0":"post-4414","1":"product","2":"type-product","3":"status-publish","4":"has-post-thumbnail","6":"product_cat-ideas-para-regalar-vino-y-accesorios","8":"first","9":"instock","10":"taxable","11":"shipping-taxable","12":"purchasable","13":"product-type-simple"},"yoast_head":"<!-- This site is optimized with the Yoast SEO plugin v27.3 - https:\/\/yoast.com\/product\/yoast-seo-wordpress\/ -->\n<title>Descorchador - Losada Vinos de finca<\/title>\n<meta name=\"description\" content=\"Si eres un amante del vino y aprecias los detalles, el descorchador de Losada es el complemento ideal para tu colecci\u00f3n de accesorios vin\u00edcolas.\" \/>\n<meta name=\"robots\" content=\"index, follow, max-snippet:-1, max-image-preview:large, max-video-preview:-1\" \/>\n<link rel=\"canonical\" href=\"https:\/\/losadavinosdefinca.es\/product\/sacacorchos\/\" \/>\n<meta property=\"og:locale\" content=\"en_US\" \/>\n<meta property=\"og:type\" content=\"article\" \/>\n<meta property=\"og:title\" content=\"Descorchador - Losada Vinos de finca\" \/>\n<meta property=\"og:description\" content=\"Si eres un amante del vino y aprecias los detalles, el descorchador de Losada es el complemento ideal para tu colecci\u00f3n de accesorios vin\u00edcolas.\" \/>\n<meta property=\"og:url\" content=\"https:\/\/losadavinosdefinca.es\/product\/sacacorchos\/\" \/>\n<meta property=\"og:site_name\" content=\"Losada Vinos de finca\" \/>\n<meta property=\"article:modified_time\" content=\"2026-01-19T23:00:14+00:00\" \/>\n<meta property=\"og:image\" content=\"https:\/\/losadavinosdefinca.es\/wp-content\/uploads\/2023\/02\/descorchador-losada.jpg\" \/>\n\t<meta property=\"og:image:width\" content=\"1500\" \/>\n\t<meta property=\"og:image:height\" content=\"1500\" \/>\n\t<meta property=\"og:image:type\" content=\"image\/jpeg\" \/>\n<meta name=\"twitter:card\" content=\"summary_large_image\" \/>\n<meta name=\"twitter:label1\" content=\"Est. reading time\" \/>\n\t<meta name=\"twitter:data1\" content=\"1 minute\" \/>\n<script type=\"application\/ld+json\" class=\"yoast-schema-graph\">{\"@context\":\"https:\\\/\\\/schema.org\",\"@graph\":[{\"@type\":\"WebPage\",\"@id\":\"https:\\\/\\\/losadavinosdefinca.es\\\/product\\\/sacacorchos\\\/\",\"url\":\"https:\\\/\\\/losadavinosdefinca.es\\\/product\\\/sacacorchos\\\/\",\"name\":\"Descorchador - Losada Vinos de finca\",\"isPartOf\":{\"@id\":\"https:\\\/\\\/losadavinosdefinca.es\\\/#website\"},\"primaryImageOfPage\":{\"@id\":\"https:\\\/\\\/losadavinosdefinca.es\\\/product\\\/sacacorchos\\\/#primaryimage\"},\"image\":{\"@id\":\"https:\\\/\\\/losadavinosdefinca.es\\\/product\\\/sacacorchos\\\/#primaryimage\"},\"thumbnailUrl\":\"https:\\\/\\\/losadavinosdefinca.es\\\/wp-content\\\/uploads\\\/2023\\\/02\\\/descorchador-losada.jpg\",\"datePublished\":\"2023-04-18T13:12:36+00:00\",\"dateModified\":\"2026-01-19T23:00:14+00:00\",\"description\":\"Si eres un amante del vino y aprecias los detalles, el descorchador de Losada es el complemento ideal para tu colecci\u00f3n de accesorios vin\u00edcolas.\",\"breadcrumb\":{\"@id\":\"https:\\\/\\\/losadavinosdefinca.es\\\/product\\\/sacacorchos\\\/#breadcrumb\"},\"inLanguage\":\"en-US\",\"potentialAction\":[{\"@type\":\"ReadAction\",\"target\":[\"https:\\\/\\\/losadavinosdefinca.es\\\/product\\\/sacacorchos\\\/\"]}]},{\"@type\":\"ImageObject\",\"inLanguage\":\"en-US\",\"@id\":\"https:\\\/\\\/losadavinosdefinca.es\\\/product\\\/sacacorchos\\\/#primaryimage\",\"url\":\"https:\\\/\\\/losadavinosdefinca.es\\\/wp-content\\\/uploads\\\/2023\\\/02\\\/descorchador-losada.jpg\",\"contentUrl\":\"https:\\\/\\\/losadavinosdefinca.es\\\/wp-content\\\/uploads\\\/2023\\\/02\\\/descorchador-losada.jpg\",\"width\":1500,\"height\":1500,\"caption\":\"descorchador Losada\"},{\"@type\":\"BreadcrumbList\",\"@id\":\"https:\\\/\\\/losadavinosdefinca.es\\\/product\\\/sacacorchos\\\/#breadcrumb\",\"itemListElement\":[{\"@type\":\"ListItem\",\"position\":1,\"name\":\"Portada\",\"item\":\"https:\\\/\\\/losadavinosdefinca.es\\\/\"},{\"@type\":\"ListItem\",\"position\":2,\"name\":\"TIENDA\",\"item\":\"https:\\\/\\\/losadavinosdefinca.es\\\/tienda\\\/\"},{\"@type\":\"ListItem\",\"position\":3,\"name\":\"Descorchador\"}]},{\"@type\":\"WebSite\",\"@id\":\"https:\\\/\\\/losadavinosdefinca.es\\\/#website\",\"url\":\"https:\\\/\\\/losadavinosdefinca.es\\\/\",\"name\":\"Losada Vinos de finca\",\"description\":\"Losada\",\"publisher\":{\"@id\":\"https:\\\/\\\/losadavinosdefinca.es\\\/#organization\"},\"potentialAction\":[{\"@type\":\"SearchAction\",\"target\":{\"@type\":\"EntryPoint\",\"urlTemplate\":\"https:\\\/\\\/losadavinosdefinca.es\\\/?s={search_term_string}\"},\"query-input\":{\"@type\":\"PropertyValueSpecification\",\"valueRequired\":true,\"valueName\":\"search_term_string\"}}],\"inLanguage\":\"en-US\"},{\"@type\":\"Organization\",\"@id\":\"https:\\\/\\\/losadavinosdefinca.es\\\/#organization\",\"name\":\"Losada Vinos de finca\",\"url\":\"https:\\\/\\\/losadavinosdefinca.es\\\/\",\"logo\":{\"@type\":\"ImageObject\",\"inLanguage\":\"en-US\",\"@id\":\"https:\\\/\\\/losadavinosdefinca.es\\\/#\\\/schema\\\/logo\\\/image\\\/\",\"url\":\"https:\\\/\\\/losadavinosdefinca.es\\\/wp-content\\\/uploads\\\/2023\\\/02\\\/logo-losada-apaisado.png\",\"contentUrl\":\"https:\\\/\\\/losadavinosdefinca.es\\\/wp-content\\\/uploads\\\/2023\\\/02\\\/logo-losada-apaisado.png\",\"width\":1129,\"height\":287,\"caption\":\"Losada Vinos de finca\"},\"image\":{\"@id\":\"https:\\\/\\\/losadavinosdefinca.es\\\/#\\\/schema\\\/logo\\\/image\\\/\"}}]}<\/script>\n<!-- \/ Yoast SEO plugin. -->","yoast_head_json":{"title":"Descorchador - Losada Vinos de finca","description":"Si eres un amante del vino y aprecias los detalles, el descorchador de Losada es el complemento ideal para tu colecci\u00f3n de accesorios vin\u00edcolas.","robots":{"index":"index","follow":"follow","max-snippet":"max-snippet:-1","max-image-preview":"max-image-preview:large","max-video-preview":"max-video-preview:-1"},"canonical":"https:\/\/losadavinosdefinca.es\/product\/sacacorchos\/","og_locale":"en_US","og_type":"article","og_title":"Descorchador - Losada Vinos de finca","og_description":"Si eres un amante del vino y aprecias los detalles, el descorchador de Losada es el complemento ideal para tu colecci\u00f3n de accesorios vin\u00edcolas.","og_url":"https:\/\/losadavinosdefinca.es\/product\/sacacorchos\/","og_site_name":"Losada Vinos de finca","article_modified_time":"2026-01-19T23:00:14+00:00","og_image":[{"width":1500,"height":1500,"url":"https:\/\/losadavinosdefinca.es\/wp-content\/uploads\/2023\/02\/descorchador-losada.jpg","type":"image\/jpeg"}],"twitter_card":"summary_large_image","twitter_misc":{"Est. reading time":"1 minute"},"schema":{"@context":"https:\/\/schema.org","@graph":[{"@type":"WebPage","@id":"https:\/\/losadavinosdefinca.es\/product\/sacacorchos\/","url":"https:\/\/losadavinosdefinca.es\/product\/sacacorchos\/","name":"Descorchador - Losada Vinos de finca","isPartOf":{"@id":"https:\/\/losadavinosdefinca.es\/#website"},"primaryImageOfPage":{"@id":"https:\/\/losadavinosdefinca.es\/product\/sacacorchos\/#primaryimage"},"image":{"@id":"https:\/\/losadavinosdefinca.es\/product\/sacacorchos\/#primaryimage"},"thumbnailUrl":"https:\/\/losadavinosdefinca.es\/wp-content\/uploads\/2023\/02\/descorchador-losada.jpg","datePublished":"2023-04-18T13:12:36+00:00","dateModified":"2026-01-19T23:00:14+00:00","description":"Si eres un amante del vino y aprecias los detalles, el descorchador de Losada es el complemento ideal para tu colecci\u00f3n de accesorios vin\u00edcolas.","breadcrumb":{"@id":"https:\/\/losadavinosdefinca.es\/product\/sacacorchos\/#breadcrumb"},"inLanguage":"en-US","potentialAction":[{"@type":"ReadAction","target":["https:\/\/losadavinosdefinca.es\/product\/sacacorchos\/"]}]},{"@type":"ImageObject","inLanguage":"en-US","@id":"https:\/\/losadavinosdefinca.es\/product\/sacacorchos\/#primaryimage","url":"https:\/\/losadavinosdefinca.es\/wp-content\/uploads\/2023\/02\/descorchador-losada.jpg","contentUrl":"https:\/\/losadavinosdefinca.es\/wp-content\/uploads\/2023\/02\/descorchador-losada.jpg","width":1500,"height":1500,"caption":"descorchador Losada"},{"@type":"BreadcrumbList","@id":"https:\/\/losadavinosdefinca.es\/product\/sacacorchos\/#breadcrumb","itemListElement":[{"@type":"ListItem","position":1,"name":"Portada","item":"https:\/\/losadavinosdefinca.es\/"},{"@type":"ListItem","position":2,"name":"TIENDA","item":"https:\/\/losadavinosdefinca.es\/tienda\/"},{"@type":"ListItem","position":3,"name":"Descorchador"}]},{"@type":"WebSite","@id":"https:\/\/losadavinosdefinca.es\/#website","url":"https:\/\/losadavinosdefinca.es\/","name":"Losada Vinos de finca","description":"Losada","publisher":{"@id":"https:\/\/losadavinosdefinca.es\/#organization"},"potentialAction":[{"@type":"SearchAction","target":{"@type":"EntryPoint","urlTemplate":"https:\/\/losadavinosdefinca.es\/?s={search_term_string}"},"query-input":{"@type":"PropertyValueSpecification","valueRequired":true,"valueName":"search_term_string"}}],"inLanguage":"en-US"},{"@type":"Organization","@id":"https:\/\/losadavinosdefinca.es\/#organization","name":"Losada Vinos de finca","url":"https:\/\/losadavinosdefinca.es\/","logo":{"@type":"ImageObject","inLanguage":"en-US","@id":"https:\/\/losadavinosdefinca.es\/#\/schema\/logo\/image\/","url":"https:\/\/losadavinosdefinca.es\/wp-content\/uploads\/2023\/02\/logo-losada-apaisado.png","contentUrl":"https:\/\/losadavinosdefinca.es\/wp-content\/uploads\/2023\/02\/logo-losada-apaisado.png","width":1129,"height":287,"caption":"Losada Vinos de finca"},"image":{"@id":"https:\/\/losadavinosdefinca.es\/#\/schema\/logo\/image\/"}}]}},"_links":{"self":[{"href":"https:\/\/losadavinosdefinca.es\/en\/wp-json\/wp\/v2\/product\/4414","targetHints":{"allow":["GET"]}}],"collection":[{"href":"https:\/\/losadavinosdefinca.es\/en\/wp-json\/wp\/v2\/product"}],"about":[{"href":"https:\/\/losadavinosdefinca.es\/en\/wp-json\/wp\/v2\/types\/product"}],"replies":[{"embeddable":true,"href":"https:\/\/losadavinosdefinca.es\/en\/wp-json\/wp\/v2\/comments?post=4414"}],"version-history":[{"count":18,"href":"https:\/\/losadavinosdefinca.es\/en\/wp-json\/wp\/v2\/product\/4414\/revisions"}],"predecessor-version":[{"id":9316,"href":"https:\/\/losadavinosdefinca.es\/en\/wp-json\/wp\/v2\/product\/4414\/revisions\/9316"}],"wp:featuredmedia":[{"embeddable":true,"href":"https:\/\/losadavinosdefinca.es\/en\/wp-json\/wp\/v2\/media\/4979"}],"wp:attachment":[{"href":"https:\/\/losadavinosdefinca.es\/en\/wp-json\/wp\/v2\/media?parent=4414"}],"wp:term":[{"taxonomy":"product_brand","embeddable":true,"href":"https:\/\/losadavinosdefinca.es\/en\/wp-json\/wp\/v2\/product_brand?post=4414"},{"taxonomy":"product_cat","embeddable":true,"href":"https:\/\/losadavinosdefinca.es\/en\/wp-json\/wp\/v2\/product_cat?post=4414"},{"taxonomy":"product_tag","embeddable":true,"href":"https:\/\/losadavinosdefinca.es\/en\/wp-json\/wp\/v2\/product_tag?post=4414"}],"curies":[{"name":"wp","href":"https:\/\/api.w.org\/{rel}","templated":true}]}}