{"id":5038,"date":"2023-04-17T16:11:32","date_gmt":"2023-04-17T15:11:32","guid":{"rendered":"https:\/\/losadavinosdefinca.es\/?post_type=product&#038;p=5038"},"modified":"2026-01-20T00:00:14","modified_gmt":"2026-01-19T23:00:14","slug":"estuche-losada-y-losada-godello","status":"publish","type":"product","link":"https:\/\/losadavinosdefinca.es\/en\/product\/estuche-losada-y-losada-godello\/","title":{"rendered":"Estuche de cart\u00f3n de dos botellas"},"content":{"rendered":"\t\t<div data-elementor-type=\"product-post\" data-elementor-id=\"5038\" class=\"elementor elementor-5038\">\n\t\t\t\t\t\t<section class=\"elementor-section elementor-top-section elementor-element elementor-element-7a1f614 elementor-section-boxed elementor-section-height-default elementor-section-height-default\" data-id=\"7a1f614\" data-element_type=\"section\" data-e-type=\"section\">\n\t\t\t\t\t\t<div class=\"elementor-container elementor-column-gap-default\">\n\t\t\t\t\t<div class=\"elementor-column elementor-col-100 elementor-top-column elementor-element elementor-element-77a4cab\" data-id=\"77a4cab\" data-element_type=\"column\" data-e-type=\"column\">\n\t\t\t<div class=\"elementor-widget-wrap elementor-element-populated\">\n\t\t\t\t\t\t<div class=\"elementor-element elementor-element-c4354e3 elementor-widget elementor-widget-text-editor\" data-id=\"c4354e3\" data-element_type=\"widget\" data-e-type=\"widget\" data-widget_type=\"text-editor.default\">\n\t\t\t\t<div class=\"elementor-widget-container\">\n\t\t\t\t\t\t\t\t\t<p>Este estuche es una combinaci\u00f3n \u00fanica que te permite disfrutar de dos variedades emblem\u00e1ticas de Losada Vinos de Finca en un solo paquete. El Godello te cautivar\u00e1 con su frescura y elegancia, mientras que el Menc\u00eda te seducir\u00e1 con su intensidad y car\u00e1cter.<\/p>\t\t\t\t\t\t\t\t<\/div>\n\t\t\t\t<\/div>\n\t\t\t\t\t<\/div>\n\t\t<\/div>\n\t\t\t\t\t<\/div>\n\t\t<\/section>\n\t\t\t\t<section class=\"elementor-section elementor-top-section elementor-element elementor-element-e3bcc11 elementor-section-boxed elementor-section-height-default elementor-section-height-default\" data-id=\"e3bcc11\" data-element_type=\"section\" data-e-type=\"section\">\n\t\t\t\t\t\t<div class=\"elementor-container elementor-column-gap-wide\">\n\t\t\t\t\t<div class=\"elementor-column elementor-col-100 elementor-top-column elementor-element elementor-element-fcb3db1\" data-id=\"fcb3db1\" data-element_type=\"column\" data-e-type=\"column\">\n\t\t\t<div class=\"elementor-widget-wrap elementor-element-populated\">\n\t\t\t\t\t\t<div class=\"elementor-element elementor-element-67fd6f3 elementor-widget elementor-widget-heading\" data-id=\"67fd6f3\" data-element_type=\"widget\" data-e-type=\"widget\" data-widget_type=\"heading.default\">\n\t\t\t\t<div class=\"elementor-widget-container\">\n\t\t\t\t\t<h5 class=\"elementor-heading-title elementor-size-default\">\n\n<\/h5>\t\t\t\t<\/div>\n\t\t\t\t<\/div>\n\t\t\t\t<div class=\"elementor-element elementor-element-6ee527e elementor-widget elementor-widget-spacer\" data-id=\"6ee527e\" data-element_type=\"widget\" data-e-type=\"widget\" data-widget_type=\"spacer.default\">\n\t\t\t\t<div class=\"elementor-widget-container\">\n\t\t\t\t\t\t\t<div class=\"elementor-spacer\">\n\t\t\t<div class=\"elementor-spacer-inner\"><\/div>\n\t\t<\/div>\n\t\t\t\t\t\t<\/div>\n\t\t\t\t<\/div>\n\t\t\t\t<div class=\"elementor-element elementor-element-edc5e47 elementor-icon-list--layout-traditional elementor-list-item-link-full_width elementor-widget elementor-widget-icon-list\" data-id=\"edc5e47\" data-element_type=\"widget\" data-e-type=\"widget\" data-widget_type=\"icon-list.default\">\n\t\t\t\t<div class=\"elementor-widget-container\">\n\t\t\t\t\t\t\t<ul class=\"elementor-icon-list-items\">\n\t\t\t\t\t\t\t<li class=\"elementor-icon-list-item\">\n\t\t\t\t\t\t\t\t\t\t\t<span class=\"elementor-icon-list-icon\">\n\t\t\t\t\t\t\t<i aria-hidden=\"true\" class=\"fas fa-chevron-right\"><\/i>\t\t\t\t\t\t<\/span>\n\t\t\t\t\t\t\t\t\t\t<span class=\"elementor-icon-list-text\">Losada Godello<\/span>\n\t\t\t\t\t\t\t\t\t<\/li>\n\t\t\t\t\t\t\t\t<li class=\"elementor-icon-list-item\">\n\t\t\t\t\t\t\t\t\t\t\t<span class=\"elementor-icon-list-icon\">\n\t\t\t\t\t\t\t<i aria-hidden=\"true\" class=\"fas fa-chevron-right\"><\/i>\t\t\t\t\t\t<\/span>\n\t\t\t\t\t\t\t\t\t\t<span class=\"elementor-icon-list-text\">Losada<\/span>\n\t\t\t\t\t\t\t\t\t<\/li>\n\t\t\t\t\t\t<\/ul>\n\t\t\t\t\t\t<\/div>\n\t\t\t\t<\/div>\n\t\t\t\t<div class=\"elementor-element elementor-element-5de3bf6 elementor-widget elementor-widget-spacer\" data-id=\"5de3bf6\" data-element_type=\"widget\" data-e-type=\"widget\" data-widget_type=\"spacer.default\">\n\t\t\t\t<div class=\"elementor-widget-container\">\n\t\t\t\t\t\t\t<div class=\"elementor-spacer\">\n\t\t\t<div class=\"elementor-spacer-inner\"><\/div>\n\t\t<\/div>\n\t\t\t\t\t\t<\/div>\n\t\t\t\t<\/div>\n\t\t\t\t\t<\/div>\n\t\t<\/div>\n\t\t\t\t\t<\/div>\n\t\t<\/section>\n\t\t\t\t<\/div>\n\t\t","protected":false},"excerpt":{"rendered":"<p>Dos vinos emblem\u00e1ticos de <strong data-start=\"161\" data-end=\"186\">Losada Vinos de Finca<\/strong> en un solo estuche: la elegancia y profundidad de la Menc\u00eda y la frescura del Godello del Bierzo. Un regalo perfecto para descubrir la esencia de la bodega.<\/p>\n","protected":false},"featured_media":5012,"comment_status":"open","ping_status":"closed","template":"","meta":[],"product_brand":[],"product_cat":[30],"product_tag":[],"class_list":{"0":"post-5038","1":"product","2":"type-product","3":"status-publish","4":"has-post-thumbnail","6":"product_cat-ideas-para-regalar-vino-y-accesorios","8":"first","9":"instock","10":"taxable","11":"shipping-taxable","12":"purchasable","13":"product-type-simple"},"yoast_head":"<!-- This site is optimized with the Yoast SEO plugin v27.3 - https:\/\/yoast.com\/product\/yoast-seo-wordpress\/ -->\n<title>Estuche Losada y Losada Godello - Losada Vinos de Finca<\/title>\n<meta name=\"description\" content=\"Estuche de 2 botellas de Losada Vinos de Finca con Menc\u00eda y Godello del Bierzo. Un regalo elegante para amantes del vino y ocasiones especiales.\" \/>\n<meta name=\"robots\" content=\"index, follow, max-snippet:-1, max-image-preview:large, max-video-preview:-1\" \/>\n<link rel=\"canonical\" href=\"https:\/\/losadavinosdefinca.es\/product\/estuche-losada-y-losada-godello\/\" \/>\n<meta property=\"og:locale\" content=\"en_US\" \/>\n<meta property=\"og:type\" content=\"article\" \/>\n<meta property=\"og:title\" content=\"Estuche Losada y Losada Godello - Losada Vinos de Finca\" \/>\n<meta property=\"og:description\" content=\"Estuche de 2 botellas de Losada Vinos de Finca con Menc\u00eda y Godello del Bierzo. Un regalo elegante para amantes del vino y ocasiones especiales.\" \/>\n<meta property=\"og:url\" content=\"https:\/\/losadavinosdefinca.es\/product\/estuche-losada-y-losada-godello\/\" \/>\n<meta property=\"og:site_name\" content=\"Losada Vinos de finca\" \/>\n<meta property=\"article:modified_time\" content=\"2026-01-19T23:00:14+00:00\" \/>\n<meta property=\"og:image\" content=\"https:\/\/losadavinosdefinca.es\/wp-content\/uploads\/2023\/04\/Estuche-2-botellas-1500x1500-1.jpg\" \/>\n\t<meta property=\"og:image:width\" content=\"1500\" \/>\n\t<meta property=\"og:image:height\" content=\"1500\" \/>\n\t<meta property=\"og:image:type\" content=\"image\/jpeg\" \/>\n<meta name=\"twitter:card\" content=\"summary_large_image\" \/>\n<meta name=\"twitter:label1\" content=\"Est. reading time\" \/>\n\t<meta name=\"twitter:data1\" content=\"1 minute\" \/>\n<script type=\"application\/ld+json\" class=\"yoast-schema-graph\">{\"@context\":\"https:\\\/\\\/schema.org\",\"@graph\":[{\"@type\":\"WebPage\",\"@id\":\"https:\\\/\\\/losadavinosdefinca.es\\\/product\\\/estuche-losada-y-losada-godello\\\/\",\"url\":\"https:\\\/\\\/losadavinosdefinca.es\\\/product\\\/estuche-losada-y-losada-godello\\\/\",\"name\":\"Estuche Losada y Losada Godello - Losada Vinos de Finca\",\"isPartOf\":{\"@id\":\"https:\\\/\\\/losadavinosdefinca.es\\\/#website\"},\"primaryImageOfPage\":{\"@id\":\"https:\\\/\\\/losadavinosdefinca.es\\\/product\\\/estuche-losada-y-losada-godello\\\/#primaryimage\"},\"image\":{\"@id\":\"https:\\\/\\\/losadavinosdefinca.es\\\/product\\\/estuche-losada-y-losada-godello\\\/#primaryimage\"},\"thumbnailUrl\":\"https:\\\/\\\/losadavinosdefinca.es\\\/wp-content\\\/uploads\\\/2023\\\/04\\\/Estuche-2-botellas-1500x1500-1.jpg\",\"datePublished\":\"2023-04-17T15:11:32+00:00\",\"dateModified\":\"2026-01-19T23:00:14+00:00\",\"description\":\"Estuche de 2 botellas de Losada Vinos de Finca con Menc\u00eda y Godello del Bierzo. Un regalo elegante para amantes del vino y ocasiones especiales.\",\"breadcrumb\":{\"@id\":\"https:\\\/\\\/losadavinosdefinca.es\\\/product\\\/estuche-losada-y-losada-godello\\\/#breadcrumb\"},\"inLanguage\":\"en-US\",\"potentialAction\":[{\"@type\":\"ReadAction\",\"target\":[\"https:\\\/\\\/losadavinosdefinca.es\\\/product\\\/estuche-losada-y-losada-godello\\\/\"]}]},{\"@type\":\"ImageObject\",\"inLanguage\":\"en-US\",\"@id\":\"https:\\\/\\\/losadavinosdefinca.es\\\/product\\\/estuche-losada-y-losada-godello\\\/#primaryimage\",\"url\":\"https:\\\/\\\/losadavinosdefinca.es\\\/wp-content\\\/uploads\\\/2023\\\/04\\\/Estuche-2-botellas-1500x1500-1.jpg\",\"contentUrl\":\"https:\\\/\\\/losadavinosdefinca.es\\\/wp-content\\\/uploads\\\/2023\\\/04\\\/Estuche-2-botellas-1500x1500-1.jpg\",\"width\":1500,\"height\":1500,\"caption\":\"Estuche de cart\u00f3n de dos botellas\"},{\"@type\":\"BreadcrumbList\",\"@id\":\"https:\\\/\\\/losadavinosdefinca.es\\\/product\\\/estuche-losada-y-losada-godello\\\/#breadcrumb\",\"itemListElement\":[{\"@type\":\"ListItem\",\"position\":1,\"name\":\"Portada\",\"item\":\"https:\\\/\\\/losadavinosdefinca.es\\\/\"},{\"@type\":\"ListItem\",\"position\":2,\"name\":\"TIENDA\",\"item\":\"https:\\\/\\\/losadavinosdefinca.es\\\/tienda\\\/\"},{\"@type\":\"ListItem\",\"position\":3,\"name\":\"Estuche de cart\u00f3n de dos botellas\"}]},{\"@type\":\"WebSite\",\"@id\":\"https:\\\/\\\/losadavinosdefinca.es\\\/#website\",\"url\":\"https:\\\/\\\/losadavinosdefinca.es\\\/\",\"name\":\"Losada Vinos de finca\",\"description\":\"Losada\",\"publisher\":{\"@id\":\"https:\\\/\\\/losadavinosdefinca.es\\\/#organization\"},\"potentialAction\":[{\"@type\":\"SearchAction\",\"target\":{\"@type\":\"EntryPoint\",\"urlTemplate\":\"https:\\\/\\\/losadavinosdefinca.es\\\/?s={search_term_string}\"},\"query-input\":{\"@type\":\"PropertyValueSpecification\",\"valueRequired\":true,\"valueName\":\"search_term_string\"}}],\"inLanguage\":\"en-US\"},{\"@type\":\"Organization\",\"@id\":\"https:\\\/\\\/losadavinosdefinca.es\\\/#organization\",\"name\":\"Losada Vinos de finca\",\"url\":\"https:\\\/\\\/losadavinosdefinca.es\\\/\",\"logo\":{\"@type\":\"ImageObject\",\"inLanguage\":\"en-US\",\"@id\":\"https:\\\/\\\/losadavinosdefinca.es\\\/#\\\/schema\\\/logo\\\/image\\\/\",\"url\":\"https:\\\/\\\/losadavinosdefinca.es\\\/wp-content\\\/uploads\\\/2023\\\/02\\\/logo-losada-apaisado.png\",\"contentUrl\":\"https:\\\/\\\/losadavinosdefinca.es\\\/wp-content\\\/uploads\\\/2023\\\/02\\\/logo-losada-apaisado.png\",\"width\":1129,\"height\":287,\"caption\":\"Losada Vinos de finca\"},\"image\":{\"@id\":\"https:\\\/\\\/losadavinosdefinca.es\\\/#\\\/schema\\\/logo\\\/image\\\/\"}}]}<\/script>\n<!-- \/ Yoast SEO plugin. -->","yoast_head_json":{"title":"Estuche Losada y Losada Godello - Losada Vinos de Finca","description":"Estuche de 2 botellas de Losada Vinos de Finca con Menc\u00eda y Godello del Bierzo. Un regalo elegante para amantes del vino y ocasiones especiales.","robots":{"index":"index","follow":"follow","max-snippet":"max-snippet:-1","max-image-preview":"max-image-preview:large","max-video-preview":"max-video-preview:-1"},"canonical":"https:\/\/losadavinosdefinca.es\/product\/estuche-losada-y-losada-godello\/","og_locale":"en_US","og_type":"article","og_title":"Estuche Losada y Losada Godello - Losada Vinos de Finca","og_description":"Estuche de 2 botellas de Losada Vinos de Finca con Menc\u00eda y Godello del Bierzo. Un regalo elegante para amantes del vino y ocasiones especiales.","og_url":"https:\/\/losadavinosdefinca.es\/product\/estuche-losada-y-losada-godello\/","og_site_name":"Losada Vinos de finca","article_modified_time":"2026-01-19T23:00:14+00:00","og_image":[{"width":1500,"height":1500,"url":"https:\/\/losadavinosdefinca.es\/wp-content\/uploads\/2023\/04\/Estuche-2-botellas-1500x1500-1.jpg","type":"image\/jpeg"}],"twitter_card":"summary_large_image","twitter_misc":{"Est. reading time":"1 minute"},"schema":{"@context":"https:\/\/schema.org","@graph":[{"@type":"WebPage","@id":"https:\/\/losadavinosdefinca.es\/product\/estuche-losada-y-losada-godello\/","url":"https:\/\/losadavinosdefinca.es\/product\/estuche-losada-y-losada-godello\/","name":"Estuche Losada y Losada Godello - Losada Vinos de Finca","isPartOf":{"@id":"https:\/\/losadavinosdefinca.es\/#website"},"primaryImageOfPage":{"@id":"https:\/\/losadavinosdefinca.es\/product\/estuche-losada-y-losada-godello\/#primaryimage"},"image":{"@id":"https:\/\/losadavinosdefinca.es\/product\/estuche-losada-y-losada-godello\/#primaryimage"},"thumbnailUrl":"https:\/\/losadavinosdefinca.es\/wp-content\/uploads\/2023\/04\/Estuche-2-botellas-1500x1500-1.jpg","datePublished":"2023-04-17T15:11:32+00:00","dateModified":"2026-01-19T23:00:14+00:00","description":"Estuche de 2 botellas de Losada Vinos de Finca con Menc\u00eda y Godello del Bierzo. Un regalo elegante para amantes del vino y ocasiones especiales.","breadcrumb":{"@id":"https:\/\/losadavinosdefinca.es\/product\/estuche-losada-y-losada-godello\/#breadcrumb"},"inLanguage":"en-US","potentialAction":[{"@type":"ReadAction","target":["https:\/\/losadavinosdefinca.es\/product\/estuche-losada-y-losada-godello\/"]}]},{"@type":"ImageObject","inLanguage":"en-US","@id":"https:\/\/losadavinosdefinca.es\/product\/estuche-losada-y-losada-godello\/#primaryimage","url":"https:\/\/losadavinosdefinca.es\/wp-content\/uploads\/2023\/04\/Estuche-2-botellas-1500x1500-1.jpg","contentUrl":"https:\/\/losadavinosdefinca.es\/wp-content\/uploads\/2023\/04\/Estuche-2-botellas-1500x1500-1.jpg","width":1500,"height":1500,"caption":"Estuche de cart\u00f3n de dos botellas"},{"@type":"BreadcrumbList","@id":"https:\/\/losadavinosdefinca.es\/product\/estuche-losada-y-losada-godello\/#breadcrumb","itemListElement":[{"@type":"ListItem","position":1,"name":"Portada","item":"https:\/\/losadavinosdefinca.es\/"},{"@type":"ListItem","position":2,"name":"TIENDA","item":"https:\/\/losadavinosdefinca.es\/tienda\/"},{"@type":"ListItem","position":3,"name":"Estuche de cart\u00f3n de dos botellas"}]},{"@type":"WebSite","@id":"https:\/\/losadavinosdefinca.es\/#website","url":"https:\/\/losadavinosdefinca.es\/","name":"Losada Vinos de finca","description":"Losada","publisher":{"@id":"https:\/\/losadavinosdefinca.es\/#organization"},"potentialAction":[{"@type":"SearchAction","target":{"@type":"EntryPoint","urlTemplate":"https:\/\/losadavinosdefinca.es\/?s={search_term_string}"},"query-input":{"@type":"PropertyValueSpecification","valueRequired":true,"valueName":"search_term_string"}}],"inLanguage":"en-US"},{"@type":"Organization","@id":"https:\/\/losadavinosdefinca.es\/#organization","name":"Losada Vinos de finca","url":"https:\/\/losadavinosdefinca.es\/","logo":{"@type":"ImageObject","inLanguage":"en-US","@id":"https:\/\/losadavinosdefinca.es\/#\/schema\/logo\/image\/","url":"https:\/\/losadavinosdefinca.es\/wp-content\/uploads\/2023\/02\/logo-losada-apaisado.png","contentUrl":"https:\/\/losadavinosdefinca.es\/wp-content\/uploads\/2023\/02\/logo-losada-apaisado.png","width":1129,"height":287,"caption":"Losada Vinos de finca"},"image":{"@id":"https:\/\/losadavinosdefinca.es\/#\/schema\/logo\/image\/"}}]}},"_links":{"self":[{"href":"https:\/\/losadavinosdefinca.es\/en\/wp-json\/wp\/v2\/product\/5038","targetHints":{"allow":["GET"]}}],"collection":[{"href":"https:\/\/losadavinosdefinca.es\/en\/wp-json\/wp\/v2\/product"}],"about":[{"href":"https:\/\/losadavinosdefinca.es\/en\/wp-json\/wp\/v2\/types\/product"}],"replies":[{"embeddable":true,"href":"https:\/\/losadavinosdefinca.es\/en\/wp-json\/wp\/v2\/comments?post=5038"}],"version-history":[{"count":18,"href":"https:\/\/losadavinosdefinca.es\/en\/wp-json\/wp\/v2\/product\/5038\/revisions"}],"predecessor-version":[{"id":11743,"href":"https:\/\/losadavinosdefinca.es\/en\/wp-json\/wp\/v2\/product\/5038\/revisions\/11743"}],"wp:featuredmedia":[{"embeddable":true,"href":"https:\/\/losadavinosdefinca.es\/en\/wp-json\/wp\/v2\/media\/5012"}],"wp:attachment":[{"href":"https:\/\/losadavinosdefinca.es\/en\/wp-json\/wp\/v2\/media?parent=5038"}],"wp:term":[{"taxonomy":"product_brand","embeddable":true,"href":"https:\/\/losadavinosdefinca.es\/en\/wp-json\/wp\/v2\/product_brand?post=5038"},{"taxonomy":"product_cat","embeddable":true,"href":"https:\/\/losadavinosdefinca.es\/en\/wp-json\/wp\/v2\/product_cat?post=5038"},{"taxonomy":"product_tag","embeddable":true,"href":"https:\/\/losadavinosdefinca.es\/en\/wp-json\/wp\/v2\/product_tag?post=5038"}],"curies":[{"name":"wp","href":"https:\/\/api.w.org\/{rel}","templated":true}]}}